{"id":1318,"date":"2024-04-02T14:37:10","date_gmt":"2024-04-02T14:37:10","guid":{"rendered":"https:\/\/wantedpolska.pl\/?page_id=1318"},"modified":"2024-04-02T14:37:10","modified_gmt":"2024-04-02T14:37:10","slug":"polityka-prywatnosci","status":"publish","type":"page","link":"https:\/\/wantedpolska.pl\/en\/polityka-prywatnosci\/","title":{"rendered":"Polityka prywatno\u015bci"},"content":{"rendered":"<section class=\"kc-elm kc-css-147429 kc_row\"><div class=\"kc-row-container  kc-container\"><div class=\"kc-wrap-columns\"><div class=\"kc-elm kc-css-967769 kc_col-sm-12 kc_column kc_col-sm-12\"><div class=\"kc-col-container\"><div class=\"kc-elm kc-css-193887 kc-raw-code\"><head>\r\n    <meta charset=\"UTF-8\">\r\n    <meta name=\"viewport\" content=\"width=device-width, initial-scale=1.0\">\r\n<style>\r\n        h4 {\r\n            font-family: 'Poppins', sans-serif;\r\n            padding: 15px 0;\r\n            font-size: 20px;\r\n            color: #222;\r\n        }\r\n<\/style>\r\n<\/head><body>\r\n\r\n    <h3>Polityka prywatno\u015bci i plik\u00f3w cookies<\/h3>\r\n\r\n        <h4>Niniejsza Polityka Prywatno\u015bci i plik\u00f3w cookies zawiera informacje\r\n            na temat przetwarzania przez Wanted Polska Sp. z o.o. danych\r\n            osobowych os\u00f3b korzystaj\u0105cych z Serwisu na zasadach okre\u015blonych\r\n            w Regulaminie Serwisu i jest jego integraln\u0105 cz\u0119\u015bci\u0105.\r\n            <\/h4>\r\n            <ol>\r\n                <li>Niniejsza Polityka Prywatno\u015bci i plik\u00f3w cookies zawiera informacje\r\n                    na temat przetwarzania przez Wanted Polska Sp. z o.o. danych\r\n                    osobowych os\u00f3b korzystaj\u0105cych z Serwisu na zasadach okre\u015blonych\r\n                    w Regulaminie Serwisu i jest jego integraln\u0105 cz\u0119\u015bci\u0105.<\/li>\r\n                <li>Polityka okre\u015bla podstawy prawne przetwarzania oraz sposoby\r\n                    zbierania i wykorzystywania danych osobowych jak r\u00f3 wnie\u017c\r\n                    przys\u0142uguj\u0105ce prawa U\u017cytkownikom Serwisu. Dbaj\u0105c\r\n                    o bezpiecze\u0144stwo danych wdro\u017cyli\u015bmy polityki, procedury i system\r\n                    szkole\u0144, kt\u00f3re zapewniaj\u0105 odpowiedni\u0105 ochron\u0119 danych poprzez\r\n                    zapewnienie ich poufno\u015bci integralno\u015bci oraz dost\u0119pno\u015bci.\r\n                    Regularnie dokonujemy kontroli wprowadzonych \u015brodk\u00f3w\r\n                    technicznych, organizacyjnych pod k\u0105tem ich adekwatno\u015bci\r\n                    do zaobserwowanego ryzyka.\r\n                    <\/li>\r\n                <li>Wanted Polska Sp. z o.o obs\u0142uguje portale internetowe\r\n                    lub aplikacje dzia\u0142aj\u0105ce w domenie www.wantedpolska.pl .<\/li>\r\n                <li>Swoje w\u0105tpliwo\u015bci oraz wnioski dotycz\u0105ce realizacji\r\n                    przys\u0142uguj\u0105cych U\u017cytkownikowi Serwisu praw prosimy kierowa\u0107\r\n                    za pomoc\u0105 wiadomo\u015bci e-mail na\r\n                    adres: biuro@wantedpolska.pl lub listownie na adres ul. Dworcowa\r\n                    3, 34-300 \u017bywiec.<\/li>\r\n                <li>Administrator wyznaczy\u0142 Inspektora Ochrony Danych, z kt\u00f3rym\r\n                    mog\u0105 si\u0119 Pa\u0144stwo kontaktowa\u0107 we wszystkich sprawach zwi\u0105zanych\r\n                    z danymi osobowymi pod adresem rodo@wantedpolska.pl\r\n                    <\/li>\r\n            <\/ol>\r\n\r\n        <h4>\u00a7 1. PRZETWARZANIE DANYCH OSOBOWYCH<\/h4>\r\n            <ol>\r\n                Dane osobowe U\u017cytkownik\u00f3w zawarte w Serwisach przetwarzane s\u0105\r\n                przez Administratora na podstawie art. 6 ust. 1 lit.a), b) i f)\r\n                rozporz\u0105dzenia Parlamentu Europejskiego i Rady (UE) 2016\/679\r\n                z dnia 27 kwietnia 2016 r. w sprawie ochrony os\u00f3b fizycznych\r\n                w zwi\u0105zku z przetwarzaniem danych osobowych i w sprawie\r\n                swobodnego przep\u0142ywu takich danych oraz uchylenia dyrektywy\r\n                95\/46\/WE (RODO), ustawy o ochronie danych osobowych\r\n                oraz ustawy o \u015bwiadczeniu us\u0142ug drog\u0105 elektroniczn\u0105.\r\n            <\/ol>\r\n        <h4>\u00a72. DEFINICJE<\/h4>\r\n        <ol>\r\n            <li>\r\n                Dane osobowe - oznaczaj\u0105 informacje o zidentyfikowanej lub mo\u017cliwej\r\n                do zidentyfikowania osobie fizycznej (\u201eosobie, kt\u00f3rej dane dotycz\u0105\u201d),\r\n                mo\u017cliwa do zidentyfikowania osoba fizyczna to osoba, kt\u00f3r\u0105 mo\u017cna\r\n                bezpo\u015brednio lub po\u015brednio zidentyfikowa\u0107, w szczeg\u00f3lno\u015bci\r\n                na podstawie identyfikatora takiego jak imi\u0119 i nazwisko, numer\r\n                identyfikacyjny, dane o lokalizacji, identyfikator internetowy lub jeden\r\n                b\u0105d\u017a kilka szczeg\u00f3lnych czynnik\u00f3w okre\u015blaj\u0105cych fizyczn\u0105,\r\n                fizjologiczn\u0105, genetyczn\u0105, psychiczn\u0105, ekonomiczn\u0105, kulturow\u0105\r\n                lub spo\u0142eczn\u0105 to\u017csamo\u015b\u0107 osoby fizycznej\r\n            <\/li>\r\n            <li>\r\n                Przetwarzanie - oznacza operacj\u0119 lub zestaw operacji wykonywanych\r\n                na danych osobowych lub zestawach danych osobowych w spos\u00f3b\r\n                zautomatyzowany lub niezautomatyzowany, tak\u0105 jak zbieranie,\r\n                utrwalanie, organizowanie, porz\u0105dkowanie, przechowywanie,\r\n                adaptowanie lub modyfikowanie, pobieranie, przegl\u0105danie,\r\n                wykorzystywanie, ujawnianie poprzez pr zes\u0142anie, rozpowszechnianie\r\n                lub innego rodzaju udost\u0119pnianie, dopasowywanie lub \u0142\u0105czenie,\r\n                ograniczanie, usuwanie lub niszczenie.\r\n            <\/li>\r\n            <li>\r\n                Zgoda - zgoda osoby, kt\u00f3rej dane dotycz\u0105 oznacza dobrowolne,\r\n                konkretne, \u015bwiadome i jednoznaczne okazanie woli, kt\u00f3rym osoba, kt\u00f3rej\r\n                dane dotycz\u0105, w formie o\u015bwiadczenia lub wyra\u017anego dzia\u0142ania\r\n                potwierdzaj\u0105cego, przyzwala na przetwarzanie dotycz\u0105cych jej danych\r\n                osobowych.\r\n            <\/li>\r\n            <li>\r\n                Administrator Danych - podmiot, kt\u00f3ry samodzielnie lub wsp\u00f3lnie\r\n                z innymi ustala cele i sposoby przetwarzania danych osobowych.\r\n            <\/li>\r\n            <li>\r\n                Pliki Cookies - dane tekstowe gromadzone w formie plik\u00f3w\r\n                zamieszczanych na urz\u0105dzeniu U\u017cytkownika.\r\n            <\/li>\r\n        <\/ol>\r\n        <h4>\u00a73. CEL I ZAKRES ZBIERANIA DANYCH ORAZ PODSTAWA\r\n            PRAWNA TYCH DZIA\u0141A\u0143<\/h4>\r\n            <ol>\r\n                <li>Dane osobowe U\u017cytkownik\u00f3w Serwisu przetwarzane s\u0105\r\n                    na podstawie:\r\n                    <ol>\r\n                        <li>\r\n                        art. 6 ust. 1 lit f RODO \u2013 gdy\u017c przetwarzanie danych jest\r\n                        niezb\u0119dne do realizacji prawnie uzasadnionych interes\u00f3w\r\n                        realizowanych przez Administratora w celu:\r\n                        <\/li>\r\n                        <li>\r\n                            \u015bwiadczenia us\u0142ug drog\u0105 elektroniczn\u0105 w zakresie\r\n                            udost\u0119pniana U\u017cytkownikom narz\u0119dzi i tre\u015bci gromadzonych\r\n                            w Serwisie,\r\n                        <\/li>\r\n                        <li>\r\n                            w celu obs\u0142ugi reklamacji w zwi\u0105zku ze \u015bwiadczeniem us\u0142ug,\r\n                        <\/li>\r\n                        <li>\r\n                            w celach analitycznych i statystycznych \u2013 polegaj\u0105cym\r\n                            na prowadzeniu analiz aktywno\u015bci U\u017cytkownik\u00f3w, a tak\u017ce\r\n                            ich preferencji w celu poprawy stosowanych funkcjonalno\u015bci\r\n                            i \u015bwiadczonych us\u0142ug,\r\n                        <\/li>\r\n                        <li>\r\n                            w celu ewentualnego ustalenia i dochodzenia roszcze\u0144\r\n                            lub obrony przed roszczeniami, polegaj\u0105cej na ochronie praw\r\n                            Administratora,\r\n                        <\/li>\r\n                        <li>\r\n                            w celach marketingowych - promowanie us\u0142ug Administratora\r\n                            w mediach spo\u0142eczno\u015bciowych i w ramach Serwisu,\r\n                        <\/li>\r\n                        <li>\r\n                            w celu promowaniu w\u0142asnej marki oraz budowaniu i utrzymaniu\r\n                            spo\u0142eczno\u015bci zwi\u0105zanej z mark\u0105,\r\n                        <\/li>\r\n                    <\/ol>\r\n                <li>\r\n                    art. 6 ust. 1 lit. a RODO \u2013 przetwarzanie danych osobowych\r\n                    odbywa si\u0119 na podstawie wyra\u017conej zgody U\u017cytkownika;\r\n                <\/li>\r\n                <li>\r\n                    w celu stosowania Plik\u00f3w Cookies.\r\n                <\/li>\r\n            <\/li>\r\n            <li>\r\n                U\u017cytkownicy mog\u0105 korzysta\u0107 z Serwisu bez konieczno\u015bci podawania\r\n                swoich danych osobowych.\r\n            <\/li>\r\n            <li>\r\n                W przypadku ch\u0119ci skorzystania z narz\u0119dzi udost\u0119pnionych przez\r\n                Administratora, U\u017cytkownik przekazuje dane zgodnie z formularzem\r\n                danego narz\u0119dzia.\r\n            <\/li>\r\n            <li>\r\n                Podanie danych w udost\u0119pnionych narz\u0119dziach jest dobrowolne\r\n                a brak podania danych b\u0119dzie skutkowa\u0142o brak mo\u017cliwo\u015bci\r\n                skorzystania z narz\u0119dzia.\r\n            <\/li>\r\n            <li>\r\n                W ramach korzystania z Serwisu, Administrator przetwarza dane\r\n                osobowe, kt\u00f3re zbierane s\u0105 przy pomocy Plik\u00f3w Cookies. \r\n            <\/li>\r\n            <li>\r\n                Zakres przetwarzanych danych w serwisie www.wantedpolska.pl:\r\n                adres IP, dane zawarte w tre\u015bci wykorzystywanych\r\n                przez U\u017cytkownik\u00f3w portali spo\u0142eczno\u015bciowych, a tak\u017ce informacji\r\n                o rozpocz\u0119ciu, zako\u0144czeniu, a tak\u017ce zakresie ka\u017cdorazowego\r\n                korzystania przez U\u017cytkownika z Serwisu oraz oznaczenia\r\n                identyfikuj\u0105cego zako\u0144czenie sieci teleinformatycznej lub sys temu\r\n                teleinformatycznego, z kt\u00f3rego korzysta U\u017cytkownik. W przypadku\r\n                wype\u0142nienia formularzy: imi\u0119, nazwisko, adres e -mail.\r\n            <\/li>\r\n        <\/ol>\r\n    <h4>\r\n        \u00a74. PRZECHOWYWANIE I USUWANIE DANYCH\r\n    <\/h4>\r\n    <ol>\r\n        <li>\r\n            Dok\u0142adamy staranno\u015bci w celu ochrony interes\u00f3w os\u00f3b, kt\u00f3rych dane\r\n            dotycz\u0105, a w szczeg\u00f3lno\u015bci zapewniamy, \u017ce zbierane dane s\u0105:\r\n            <ol>\r\n                <li>\r\n                    przetwarzane zgodnie z prawem, rzetelnie i w spos\u00f3b przejrzysty\r\n                    dla osoby, kt\u00f3rej dane dotycz\u0105,  \r\n                <\/li>\r\n                <li>\r\n                    zbierane w konkretnych, wyra\u017anych i prawnie uzasadnionych\r\n                    celach i nieprzetwarzane dalej w spos\u00f3b niezgodny z tym i celami,\r\n                <\/li>\r\n                <li>\r\n                    adekwatne, stosowne oraz ograniczone do tego, co niezb\u0119dne\r\n                    do cel\u00f3w, w kt\u00f3rych s\u0105 przetwarzane,\r\n                <\/li>\r\n                <li>\r\n                    prawid\u0142owe i w razie potrzeby uaktualniane,\r\n                <\/li>\r\n                <li>\r\n                    przechowywane w formie umo\u017cliwiaj\u0105cej identyfikacj\u0119 osoby, kt\u00f3rej\r\n                    dane dotycz\u0105, przez okres nie d\u0142u\u017cszy, ni\u017c jest to niezb\u0119dne\r\n                    do cel\u00f3w, w kt\u00f3rych dane te s\u0105 przetwarzane\r\n                <\/li>\r\n                <li>\r\n                    przetwarzane w spos\u00f3b zapewniaj\u0105cy odpowiednie\r\n                    bezpiecze\u0144stwo danych osobowych.\r\n                <\/li>\r\n            <\/ol>\r\n        <\/li>\r\n        <li>\r\n            W zwi\u0105zku z realizacj\u0105 Us\u0142ug dane osobowe b\u0119d\u0105 ujawniane\r\n            zewn\u0119trznym podmiotom, w tym w szczeg\u00f3lno\u015bci dostawco m\r\n            odpowiedzialnym za obs\u0142ug\u0119 system\u00f3w informatycznych, podmiotom\r\n            takim jak podmioty prawne, audytowe, podmiotom powi\u0105zanym\r\n            z Administratorem oraz podmiotom upowa\u017cnionym przez przepisy\r\n            prawa np. organy nadzoru, organy \u015bcigania czy s\u0105dy\r\n        <\/li>\r\n        <li>\r\n            Okres przetwarzania danych przez Administratora zale\u017cy od rodzaju\r\n            \u015bwiadczonej us\u0142ugi i celu przetwarzania. Co do zasady dane\r\n            przetwarzane s\u0105 przez czas \u015bwiadczenia us\u0142ugi, do czasu wycofania\r\n            wyra\u017conej zgody lub zg\u0142oszenia skutecznego sprzeciwu wzgl\u0119dem\r\n            przetwarzania danych w przypadkach, gdy podstaw\u0105 prawn\u0105\r\n            przetwarzania danych jest uzasadniony interes Administratora\r\n            lub do czasu wymaganego przez przepisy prawa, gdy przetwarzanie\r\n            jest niezb\u0119dne do wype\u0142niania obowi\u0105zk\u00f3w ci\u0105\u017c\u0105cych\r\n            na Administratorze.\r\n        <\/li>\r\n    <\/ol>\r\n    <h4>\r\n        \u00a75. PRAWA U\u017bYTKOWNIK\u00d3W\r\n    <\/h4>\r\n    <ol>\r\n        <li>\r\n            U\u017cytkownikowi przys\u0142uguje prawo \u017c\u0105dania od Administratora dost\u0119pu\r\n            do swoich danych osobowych, prawo do ich sprostowania, usuni\u0119cia\r\n            lub ograniczenia przetwarzania, prawo do wniesienia sprzeciwu\r\n            wobec przetwarzania, prawo do przenoszenia danych , prawo\r\n            do sprzeciwu, prawo do cofni\u0119cia zgody na przetwarzanie danych\r\n            osobowych, kt\u00f3re przys\u0142uguje w dowolnym momencie - dotyczy\r\n            danych przetwarzanych przez Administratora w oparciu o wyra\u017con\u0105\r\n            przez U\u017cytkownika zgod\u0119. Wycofanie zgody pozostaje bez wp\u0142ywu na\r\n            zgodno\u015b\u0107 z prawem przetwarzania, kt\u00f3rego dokonano na podst awie\r\n            zgody przed jej cofni\u0119ciem.\r\n        <\/li>\r\n        <li>\r\n            Skorzystanie ze wskazanych uprawnie\u0144 jest mo\u017cliwe poprzez kontakt\r\n            z Administratorem:\r\n            <ol>\r\n                <li>\r\n                    adres e-mail: rodo@wantedpolska.pl,\r\n                <\/li>\r\n                <li>\r\n                    adres Administratora: Wanted Polska Sp. z o .o., ul. Dworcowa 3,\r\n                    34-300 \u017bywiec.\r\n                <\/li>\r\n            <\/ol>        \r\n        \r\n        <\/li>\r\n        <li>\r\n            Zakres przys\u0142uguj\u0105cych uprawnie\u0144 jak r\u00f3wnie\u017c sytuacje, w kt\u00f3rych\r\n            U\u017cytkownik mo\u017ce skorzysta\u0107 z przys\u0142uguj\u0105cych uprawnie\u0144 wynikaj\u0105\r\n            wprost z przepis\u00f3w prawa. Realizacja uprawnie\u0144 b\u0119dzie uzale\u017cniona\r\n            do podstawy prawnej przetwarzania danych jak r\u00f3wnie\u017c celu,\r\n            w kt\u00f3rym przetwarza dane Administratora.\r\n        <\/li>\r\n        <li>\r\n            Ponadto U\u017cytkownikowi przys\u0142uguje prawo do wniesienia skargi\r\n            do organu nadzorczego, je\u017celi uzna, \u017ce dane przetwarzane\r\n            przez Administratora naruszaj\u0105 przepisy RODO. Organem\r\n            nadzorczym w Polsce jest Urz\u0105d Ochrony Danych Osobowy ch\r\n            z siedzib\u0105 w Warszawie 00-193, Stawki 2.\r\n        <\/li>\r\n        <li>\r\n            Dane osobowe U\u017cytkownik\u00f3w Serwis\u00f3w nie s\u0105 przekazywane\r\n            poza EOG.\r\n        <\/li>\r\n        <li>\r\n            W celu realizowania dzia\u0142a\u0144 statystycznych Administrator\r\n            w niekt\u00f3rych przypadkach wykorzystuje profilowanie. Oznacza to,\r\n            \u017ce dzi\u0119ki automatycznemu przetwarzaniu danych Administrator\r\n            dokonuje oceny wybranych czynni k\u00f3w dotycz\u0105cych os\u00f3b\r\n            fizycznych w celu analizy ich zachowania lub stworzenia prognozy\r\n            na przysz\u0142o\u015b\u0107.\r\n        <\/li>\r\n    <\/ol>\r\n    <h4>\u00a76. PLIKI COOKIES<\/h4>\r\n    <ol>\r\n        <li>\r\n            Ciasteczka to niewielkie pliki tekstowe, kt\u00f3re s\u0105 wysy\u0142ane przez\r\n            Serwis do przegl\u0105darki internetowej zainstalowanej w urz\u0105dzeniu\r\n            U\u017cytkownika, a nast\u0119pnie wysy\u0142ane s\u0105 przez przegl\u0105dark\u0119\r\n            internetow\u0105 tego U\u017cytkownika podczas ka\u017cdorazowego wej\u015bcia\r\n            do Serwisu. Ciasteczka nie s\u0105 szkodliwe dla urz\u0105dzenia\r\n            U\u017cytkownika, nie utrudniaj\u0105 pracy urz\u0105dzenia lub oprogramowania\r\n            zainstalowanego w tym urz\u0105dzeniu, ani nie powoduj\u0105 zmian\r\n            konfiguracyjnych w urz\u0105dzeniu U\u017cytkownika. Dzi\u0119ki Ciasteczkom korzystanie z Serwis\u00f3w jest \u0142atwiejsze i bardziej komfortowe\r\n            dla U\u017cytkownika.\r\n        <\/li>\r\n        <li>\r\n            Na stronach internetowych Serwisu wykorzystywane s\u0105 nast\u0119puj\u0105ce\r\n            Ciasteczka:\r\n            <ol>    \r\n                <li>\r\n                    Sesyjne \u2013 u\u017cywane podczas tworzenia sesji U\u017cytkownika,\r\n                    czy podczas logowania do Serwisu. Pliki te s\u0105 tymczasowe\r\n                    i niezb\u0119dne, aby dostosowa\u0107 zawarto\u015b\u0107 stron internetowych\r\n                    Serwisu do preferencji U\u017cytkownika oraz rozpozna\u0107 urz\u0105dzenie\r\n                    U\u017cytkownika Serwisu i dostosowa\u0107 wy\u015bwietlenia strony\r\n                    internetowej, dostosowanej do jego indywidualnych potrzeb,\r\n                <\/li>\r\n                <li>\r\n                    Statystyczne \u2013 do zbierania danych statycznych i analizowania\r\n                    dzia\u0142a\u0144 u\u017cytkownika w obr\u0119bie czatu,\r\n                <\/li>\r\n            <\/ol>\r\n        <\/li>\r\n        <li>\r\n            Dotycz\u0105ce polityki Cookies \u2013 oznaczenie, \u017ce poinformowano\r\n            U\u017cytkownika o stosowaniu mechanizmu ciasteczek przez Serwis\r\n        <\/li>\r\n        <li>\r\n            Na stronach internetowych Serwis\u00f3w wykorzystywane\r\n            s\u0105\u0328 nast\u0119puj\u0105ce Ciasteczka zewn\u0119trznych dostawc\u00f3w\r\n            w nast\u0119puj\u0105cych celach: \r\n            <ol>\r\n                <li>\r\n                    zbierania danych statycznych za po\u015brednictwem narz\u0119dzi\r\n                    analitycznych:\r\n                    <ol>\r\n                        <li>\r\n                            Google Analytics [administrator Cookies: Google Inc z siedziba\u0328 w USA],\r\n                        <\/li>\r\n                        <li>\r\n                            Salesmango [administrator Cookies: Benhauer Sp. z o.o. z siedziba\u0328\r\n                            w Polsce, polityka prywatno\u015bci: https:\/\/www.salesmango.pl\/marketingautomation\/terms.html]\r\n                        <\/li>\r\n                    <\/ol>\r\n                <\/li>\r\n                <li>\r\n                    sprawdzania danych pod k\u0105tem eliminowania tzw. bot\u00f3w:\r\n                    <ol>\r\n                        <li>\r\n                            Na tej stronie u\u017cywamy hCaptcha (dalej \u201chCaptcha\u201d). Dostawc\u0105 jest Intuition Machines, Inc, 2211 Selig Drive, Los Angeles, CA 90026, USA (dalej \u201cIMI\u201d). Celem hCaptcha jest sprawdzenie, czy dane wprowadzane na tej stronie internetowej (np. w formularzu kontaktowym) s\u0105 wprowadzane przez cz\u0142owieka, czy przez zautomatyzowany program. W tym celu hCaptcha analizuje zachowanie odwiedzaj\u0105cego witryn\u0119 na podstawie r\u00f3\u017cnych cech.\r\n                        <\/li>\r\n                    <\/ol>\r\n                <\/li>\r\n                <li>\r\n                    sprawdzania j\u0119zyka przegl\u0105darki u\u017cytkownika:\r\n                    <ol>\r\n                        <li>\r\n                            Autorski program, kt\u00f3ry ma za zadanie sprawdzi\u0107 czy u\u017cytkownik na stronie u\u017cywa j\u0119zyka polskiego. Klienci mi\u0119dzynarodowi automatycznie s\u0105 przenoszeni na stron\u0119 angielsk\u0105.\r\n                        <\/li>\r\n                    <\/ol>\r\n                <\/li>\r\n            <\/ol>    \r\n            <li>\r\n                prezentowania reklam dostosowanych do potrzeb U\u017cytkownika\r\n                z wykorzystaniem aplikacji pozwalaj\u0105cej na efektywne\r\n                zarz\u0105dzanie strategi\u0105 marketingow\u0105: \r\n                <ol>\r\n                <li>\r\n                    Google Marketing Platform [administrator Cookies: Google Inc zsiedziba\u0328\r\n                    w USA], \r\n                <\/li>\r\n                <li>\r\n                    Adform [administrator Cookies: Adform ApS. z siedziba\u0328 w Dani], \r\n                <\/li>\r\n                <li>\r\n                    Clickonometrics [administrator Cookies: Clickonometrics Sp. z o.o. z siedziba\u0328\r\n                    w Polsce], \r\n                <\/li>\r\n            <\/ol>\r\n            <\/li>\r\n\r\n        <\/li>\r\n        <li>\r\n            Ka\u017cdy U\u017cytkownik mo\u017ce w dowolnym czasie wy\u0142\u0105czy\u0107 wybrane\r\n            Ciasteczko poprzez dokonanie odpowiednich ustawie\u0144\r\n            w przegl\u0105darce internetowej.\r\n        <\/li>\r\n        <li>\r\n            Brak zmiany tych ustawie\u0144 oznacza akceptacj\u0119 stosowania\r\n            Ciasteczek na stronach internetowych Serwisu.\r\n        <\/li>\r\n        <li>\r\n            Wy\u0142\u0105czenie b\u0105d\u017a ograniczenie stosowania Ciasteczek mo\u017ce utrudni\u0107\r\n            b\u0105d\u017a uniemo\u017cliwi\u0107 korzystanie z niekt\u00f3rych funkcjonalno\u015bci Serwisu.\r\n        <\/li>\r\n        <li>\r\n            Poni\u017cej przedstawiamy linki do instrukcji najpopularniejszych\r\n            przegl\u0105darek informuj\u0105ce o tym jak dokona\u0107 zmiany w ustawieniach\r\n            dotycz\u0105cych plik\u00f3w cookies:\r\n            <ol>\r\n                <li><a href=\"https:\/\/support.google.com\/chrome\/answer\/95647?hl=pl\" target=\"_blank\"> Google Chrome<\/a>\r\n                <\/li>\r\n                <li>\r\n                    <a href=\"https:\/\/support.mozilla.org\/pl\/kb\/ciasteczka?esab=a&s=ciasteczka&                    r=0&as=s\" target=\"_blank\"> Firefox<\/a>\r\n                <\/li>\r\n                <li><a href=\"https:\/\/support.microsoft.com\/en-us\/microsoft-edge\/delete-cookies-in-microsoft-edge-63947406-40ac-c3b8-57b9-2a946a29ae09\" target=\"_blank\">Microsoft Edge <\/a>\r\n                <\/li>\r\n                <li><a href=\"https:\/\/help.opera.com\/pl\/latest\/security-and-privacy\/\" target=\"_blank\">Opera<\/a>\r\n                <\/li>\r\n                <li><a href=\"https:\/\/support.apple.com\/pl-pl\/guide\/safari\/sfri11471\/mac\" target=\"_blank\">Safari<\/a>\r\n                <\/li>\r\n            <\/ol>\r\n        <\/li>\r\n        <li><a href=\"\/en\/www.google.pl\/settings\/ads\/\" target=\"_blank\">U\u017cytkownik mo\u017ce r\u00f3wnie\u017c zrezygnowa\u0107 z cookies Google\r\n            w ustawieniach reklam<\/a>\r\n        <\/li>\r\n    <\/ol>\r\n    <h4>\u00a77. ZMIANA POLITYKI PRYWATNO\u015aCI I POLITYK\u00d3W COOKIES<\/h4>\r\n        <ol>\r\n            <li>\r\n                Zastrzegamy sobie prawo do wprowadzania zmian w niniejszej\r\n                Polityce w dowolnym czasie. Zmiany mog\u0105 okaza\u0107 si\u0119 konieczne\r\n                w szczeg\u00f3lno\u015bci w przypadku zmiany prawa b\u0105d\u017a\r\n                wykorzystywanych w Serwisie rozwi\u0105za\u0144 informatycznych\r\n                i technologicznych.\r\n            <\/li>\r\n            <li>\r\n                Informacje o tre\u015bci zmian Polityki s\u0105 niezw\u0142ocznie publikowane\r\n                na stronie internetowej Serwisu i wchodz\u0105 w \u017cycie z dniem\r\n                ich opublikowania na stronie internetowej Serwisu.\r\n            <\/li>\r\n        <\/ol>\r\n<\/body>\r\n<\/html>\r\n<\/div><\/div><\/div><\/div><\/div><\/section>","protected":false},"excerpt":{"rendered":"","protected":false},"author":1,"featured_media":0,"parent":0,"menu_order":0,"comment_status":"closed","ping_status":"closed","template":"","meta":{"footnotes":""},"class_list":["post-1318","page","type-page","status-publish","hentry"],"_links":{"self":[{"href":"https:\/\/wantedpolska.pl\/en\/wp-json\/wp\/v2\/pages\/1318","targetHints":{"allow":["GET"]}}],"collection":[{"href":"https:\/\/wantedpolska.pl\/en\/wp-json\/wp\/v2\/pages"}],"about":[{"href":"https:\/\/wantedpolska.pl\/en\/wp-json\/wp\/v2\/types\/page"}],"author":[{"embeddable":true,"href":"https:\/\/wantedpolska.pl\/en\/wp-json\/wp\/v2\/users\/1"}],"replies":[{"embeddable":true,"href":"https:\/\/wantedpolska.pl\/en\/wp-json\/wp\/v2\/comments?post=1318"}],"version-history":[{"count":17,"href":"https:\/\/wantedpolska.pl\/en\/wp-json\/wp\/v2\/pages\/1318\/revisions"}],"predecessor-version":[{"id":1353,"href":"https:\/\/wantedpolska.pl\/en\/wp-json\/wp\/v2\/pages\/1318\/revisions\/1353"}],"wp:attachment":[{"href":"https:\/\/wantedpolska.pl\/en\/wp-json\/wp\/v2\/media?parent=1318"}],"curies":[{"name":"wp","href":"https:\/\/api.w.org\/{rel}","templated":true}]}}