{"id":1356,"date":"2024-04-02T14:59:25","date_gmt":"2024-04-02T14:59:25","guid":{"rendered":"https:\/\/wantedpolska.pl\/?page_id=1356"},"modified":"2024-04-02T14:59:25","modified_gmt":"2024-04-02T14:59:25","slug":"regulamin","status":"publish","type":"page","link":"https:\/\/wantedpolska.pl\/en\/regulamin\/","title":{"rendered":"Terms and Conditions"},"content":{"rendered":"<section class=\"kc-elm kc_row\"><div class=\"kc-row-container  kc-container\"><div class=\"kc-wrap-columns\"><div class=\"kc-elm kc-css-714848 kc_col-sm-12 kc_column kc_col-sm-12\"><div class=\"kc-col-container\"><div class=\"kc-elm kc-css-28033 kc-raw-code\"><!DOCTYPE html>\r\n<head>\r\n    <style>\r\nh4 {\r\n            font-family: 'Poppins', sans-serif;\r\n            padding: 15px 0;\r\n            font-size: 20px;\r\n            color: #222;\r\n        }\r\n    <\/style>\r\n<\/head>\r\n<body>\r\n\r\n    <h3>Regulamin strony internetowej wantedpolska.pl<br>\r\n        Regulamin serwisu\r\n        <\/h3>\r\n<h4>\u00a71. DEFINICJE<\/h4>\r\n        <ol>\r\n            <li>\r\n                Regulamin \u2013 niniejszy regulamin jest regulaminem \u015bwiadczenia us\u0142ug\r\n            drog\u0105 elektroniczn\u0105 zgodnie z art. 8 u stawy z dnia 18 lipca 2003 r.\r\n            o \u015bwiadczeniu us\u0142ug drog\u0105 elektroniczn\u0105.\r\n            <\/li>\r\n\r\n            <li>\r\n                Regulamin \u2013 niniejszy regulamin jest regulaminem \u015bwiadczenia us\u0142ug\r\n                drog\u0105 elektroniczn\u0105 zgodnie z art. 8 u stawy z dnia 18 lipca 2003 r.\r\n                o \u015bwiadczeniu us\u0142ug drog\u0105 elektroniczn\u0105.\r\n            <\/li>\r\n            <li>\r\n                Us\u0142ugodawca \u2013 Wanted Polska Sp. z o.o. z siedzib\u0105 w \u017bywcu,\r\n                ul. Dworcowa 3, 34-300 \u017bywiec, zarejestrowana w rejestrze\r\n                przedsi\u0119biorc\u00f3w Krajowego Rejestru S\u0105dowego prowadzonym przez S\u0105d\r\n                Rejonowy w Bielsku-Bia\u0142ej, VIII Wydzia\u0142 Gospodarczy Krajowego\r\n                Rejestru S\u0105dowego pod numerem KRS 0000531264, NIP 701-045-04-70\r\n                (zwany r\u00f3wnie\u017c Administratorem).\r\n            <\/li>\r\n            <li>\r\n                Serwis \u2013 serwis internetowy \u201eWanted Polska\u201d dost\u0119pny jest\r\n                pod adresem www.wantedpolska.pl lub przez serwisy internetowe\r\n                partner\u00f3w, us\u0142ugodawc\u00f3w lub us\u0142ugobiorc\u00f3w wsp\u00f3\u0142pracuj\u0105cych\r\n                z Administratorem, w kt\u00f3rym Us\u0142ugodawca zamieszcza tre\u015bci zwi\u0105zane\r\n                z jego dzia\u0142alno\u015bci\u0105.\r\n            <\/li>\r\n            <li>\r\n                Us\u0142ugobiorca \u2013 ka\u017cda osoba fizyczna, uzyskuj\u0105ca dost\u0119p do Serwisu\r\n                i korzystaj\u0105ca z us\u0142ug \u015bwiadczonych za po\u015brednictwem Serwisu\r\n                przez Us\u0142ugodawc\u0119, zwana tak\u017ce U\u017cytkownikiem.\r\n            <\/li>\r\n            <li>\r\n                Komunikacja Drog\u0105 Elektroniczn\u0105 \u2013 komunikacja pomi\u0119dzy\r\n                stronami za po\u015brednictwem poczty elektronicznej (e -mail), formularzy\r\n                kontaktowych, medi\u00f3w spo\u0142eczno\u015bciowych tj. Facebook, LinkedIn,\r\n                Instagram, Twitter, YouTube (komentarze, zapytania).\r\n            <\/li>\r\n            <li>\r\n                Adres elektroniczny - oznaczenie systemu teleinformatycznego\r\n                umo\u017cliwiaj\u0105ce porozumiewanie si\u0119 za pomoc\u0105 \u015brodk\u00f3w komunikacji\r\n                elektronicznej, w szczeg\u00f3lno\u015bci adres poczty email, adres strony internetowej, nr telefonu umo\u017cliwiaj\u0105cy przesy\u0142anie i otrzymywanie\r\n                wiadomo\u015bci tekstowych SMS\r\n            <\/li>\r\n            <li>\r\n                Us\u0142uga \u2013 oznacza us\u0142ugi, us\u0142ug\u0119 \u015bwiadczon\u0105 za pomoc\u0105 komunikacji\r\n                drog\u0105 elektroniczn\u0105 przez Wanted Polska Sp. z o.o.\r\n                za po\u015brednictwem Serwisu\r\n            <\/li>\r\n            <li>\r\n                Us\u0142uga \u2013 oznacza us\u0142ugi, us\u0142ug\u0119 \u015bwiadczon\u0105 za pomoc\u0105 komunikacji\r\n                drog\u0105 elektroniczn\u0105 przez Wanted Polska Sp. z o.o.\r\n                za po\u015brednictwem Serwisu.\r\n            <\/li>\r\n            <li>\r\n                Reklamacja \u2013 wyst\u0105pienie Us\u0142ugobiorcy w zakresie nieprawid\u0142owo\u015bci\r\n                \u015bwiadczenia Us\u0142ug, zakresu Us\u0142ug lub niegodno\u015bci wynikaj\u0105cych\r\n                z postanowie\u0144 Regulaminu.\r\n            <\/li>\r\n        <\/ol>\r\n        <h4>\u00a72. POSTANOWIENIA OG\u00d3LNE<\/h4>\r\n            <ol>\r\n                <li>\r\n                    Regulamin okre\u015bla rodzaje, zakres oraz warunki \u015bwiadczenia Us\u0142ug\r\n                    drog\u0105 elektroniczn\u0105 przez Us\u0142ugodawc\u0119 za po\u015brednictwem Serwisu\r\n                    oraz warunki zawierania i rozwi\u0105zywania um\u00f3w o \u015bwiadczenie Us\u0142ug,\r\n                    a tak\u017ce tryb post\u0119powania reklamacyjnego.\r\n                <\/li>\r\n                <li>\r\n                    Przedmiotem Us\u0142ug Us\u0142ugodawcy jest udost\u0119pnienie nieodp\u0142atnych\r\n                    narz\u0119dzi w postaci Serwisu, umo\u017cliwiaj\u0105cych Us\u0142ugobiorcom dost\u0119p\r\n                    do tre\u015bci w postaci wpis\u00f3w, artyku\u0142\u00f3w i materia\u0142\u00f3w w tym r\u00f3wnie\u017c\r\n                    audiowizualnych, formularzy elektronicznych w formie, kt\u00f3ra\r\n                    umo\u017cliwia jego pozyskanie, odtwarzanie i utrwalanie.\r\n                <\/li>\r\n                <li>\r\n                    Rozpocz\u0119cie korzystania z Us\u0142ug niewymagaj\u0105cych podania\r\n                    przez Us\u0142ugobiorc\u0119 swoich danych osobowych jest r\u00f3wnoznaczne\r\n                    z pe\u0142n\u0105 akceptacj\u0105 warunk\u00f3w Regulaminu oraz z zawarciem umowy\r\n                    o \u015bwiadczenie Us\u0142ug drog\u0105 elektroniczn\u0105 bez konieczno\u015bci\r\n                    sporz\u0105dzenia odr\u0119bnej umowy.\r\n                <\/li>\r\n                <li>\r\n                    W przypadku Us\u0142ug wymagaj\u0105cych podania przez Us\u0142ugobiorc\u0119 swoich\r\n                    danych osobowych ich podanie jest r\u00f3wnoznaczne z pe\u0142n\u0105 akceptacj\u0105\r\n                    warunk\u00f3w Regulaminu, zawarciem umowy o \u015bwiadczenie Us\u0142ug drog\u0105\r\n                    elektroniczn\u0105 bez konieczno\u015bci sporz\u0105dzenia odr\u0119bnej umowy.\r\n                <\/li>\r\n                <li>\r\n                    Umowa o \u015bwiadczenie Us\u0142ug drog\u0105 elektroniczn\u0105, w zakresie\r\n                    korzystania z Us\u0142ug rozwi\u0105zuje si\u0119 na skutek zaprzestania korzystania\r\n                    przez Us\u0142ugobiorc\u0119 z Serwisu, bez konieczno\u015bci sk\u0142adania\r\n                    dodatkowych o\u015bwiadcze\u0144.\r\n                <\/li>\r\n                <li>\r\n                    Korzystanie z Serwisu jest jednoznaczne z zapoznaniem s i\u0119 z tre\u015bci\u0105\r\n                    niemniejszego Regulaminu i akceptacj\u0105 jego tre\u015bci.\r\n                <\/li>\r\n                <li>\r\n                    Us\u0142ugobiorcy mog\u0105 skontaktowa\u0107 si\u0119 z Us\u0142ugodawc\u0105\r\n                    za po\u015brednictwem formularza kontaktowego, telefony pod numerem\r\n                    732 102 102 lub kieruj\u0105c widomo\u015b\u0107 na adres e-mail:\r\n                    biuro@wantedpolska.pl.\r\n                    \r\n                <\/li>\r\n                <li>\r\n                    Wszelkie ewentualne tre\u015bci, artyku\u0142y i informacje zawieraj\u0105ce cechy\r\n                    wskaz\u00f3wek lub porad publikowane na \u0142amach Serwisu s\u0105 jedynie\r\n                    og\u00f3lnym zbiorem informacji i nie s\u0105 kierowane do poszczeg\u00f3lnych\r\n                    Us\u0142ugobiorc\u00f3w.\r\n                <\/li>\r\n                <li>\r\n                    Us\u0142ugodawca w ramach \u015bwiadczenia us\u0142ug drog\u0105 elektroniczn\u0105 poza\r\n                    tre\u015bciami informacyjnymi udost\u0119pnia Us\u0142ugobiorcom mi\u0119dz y innymi\r\n                    nast\u0119puj\u0105ce narz\u0119dzia: Formularz kontaktowy \u201eSkontaktuj si\u0119 z nami\u201d,\r\n                    \u201eZam\u00f3w wycen\u0119\u201d \u2013 umo\u017cliwiaj\u0105cy nawi\u0105zanie kontaktu z Us\u0142ugodawc\u0105\r\n                    na pomoc\u0105 wiadomo\u015bci elektronicznej lub kontaktu telefonicznego,\r\n                    w tym w celu wyceny us\u0142ug Us\u0142ugodawcy, Formularz Newsletter \u2013\r\n                    umo\u017cliwiaj\u0105cy Us\u0142ugobiorcy z\u0142o\u017cenie zam\u00f3wienia na Newsletter\r\n                    dystrybuowany przez Us\u0142ugodawc\u0119, Dokumenty do pobrania \u2013\r\n                    umo\u017cliwia pobranie dokument\u00f3w Us\u0142ugodawcy w celu zapoznania\r\n                    si\u0119 z ich tre\u015bci\u0105.\r\n                <\/li>\r\n            <\/ol>\r\n        <h4>\u00a73. WARUNKI U\u017bYWANIA SERWISU<\/h4>\r\n        <ol>\r\n            <li>\r\n                U\u017cywanie Serwisu przez ka\u017cdego z Us\u0142ugobiorc\u00f3w jest nieodp\u0142atne\r\n                i dobrowolne.\r\n            <\/li>\r\n            <li>\r\n                Us\u0142ugobiorcy korzystaj\u0105 z Serwisu bez konieczno\u015bci rejestracji.\r\n            <\/li>\r\n            <li>\r\n                Us\u0142ugobiorcy maj\u0105 obowi\u0105zek zapoznania si\u0119 z Regulaminem\r\n                oraz pozosta\u0142ymi dokumentami stanowi\u0105cymi jego integraln\u0105 cz\u0119\u015b\u0107\r\n                tj. Polityka prywatno\u015bci i plik\u00f3w cookies. \r\n            <\/li>\r\n            <li>\r\n                Wymagania techniczne umo\u017cliwiaj\u0105ce korzystania z Serwisu:\r\n                <ol>\r\n                    <li>\r\n                        urz\u0105dzenie z wy\u015bwietlaczem umo\u017cliwiaj\u0105ce wy\u015bwietlanie stron\r\n                        internetowych www,\r\n                    <\/li>\r\n                    <li>\r\n                        po\u0142\u0105czenie z Internetem,\r\n                    <\/li>\r\n                    <li>\r\n                        dowolna przegl\u0105darka internetowa, kt\u00f3ra wy\u015bwietla strony\r\n                        internetowe zgodnie ze standardami (zalecana: Internet Explorer,\r\n                        Opera, Google Chrom, Mozilla)\r\n                    <\/li>\r\n                    <li>\r\n                        w\u0142\u0105czon\u0105 obs\u0142ug\u0119 skrypt\u00f3w Javy, JavaScript,\r\n                    <\/li>\r\n                    <li>\r\n                        w\u0142\u0105czon\u0105 obs\u0142ug\u0119 plik\u00f3w Cookie.\r\n                    <\/li>\r\n                <\/ol>\r\n            <\/li>\r\n            <li>\r\n                Us\u0142ugobiorca zobowi\u0105zany jest do przestrzegania Regulaminu\r\n                jak r\u00f3wnie\u017c powszechnie obowi\u0105zuj\u0105cych przepis\u00f3w prawa, zasad\r\n                wsp\u00f3\u0142\u017cycia spo\u0142ecznego i powtrzymania si\u0119 od dzia\u0142a\u0144 mog\u0105cych\r\n                doprowadzi\u0107 do jakiejkolwiek szkody Us\u0142ugodawcy lub innych\r\n                Us\u0142ugobiorc\u00f3w oraz podmiot\u00f3w trzecich wsp\u00f3\u0142pracuj\u0105cych lub nie\r\n                z Us\u0142ugodawc\u0105.\r\n            <\/li>\r\n            <li>\r\n                W celu zapewnienia bezpiecze\u0144stwa wszyscy Us\u0142ugobiorcy\r\n                korzystaj\u0105cy z Serwisu powinni stosowa\u0107 si\u0119 do og\u00f3lnie przyj\u0119ty ch\r\n                zasad bezpiecze\u0144stwa w sieci:\r\n                <ol>\r\n                    <li>\r\n                        zabrania si\u0119 podejmowania jakichkolwiek dzia\u0142a\u0144 maj\u0105cych na celu\r\n                        uszkodzenie, zablokowanie dzia\u0142ania Serwisu lub uniemo\u017cliwienie\r\n                        realizacji celu w jakim dzia\u0142a Serwis,\r\n                    <\/li>\r\n                    <li>\r\n                        w przypadku wykrycia zaistnienia lub potencjalnej mo \u017cliwo\u015bci\r\n                        zaistnienia incydentu cyberbezpiecze\u0144stwa lub naruszenia RODO,\r\n                        Us\u0142ugobiorcy w pierwszej kolejno\u015bci w miar\u0119 mo\u017cliwo\u015bci powinni\r\n                        zg\u0142osi\u0107 ten fakt Us\u0142ugodawcy na adres rodo@wantedpolska.pl celu\r\n                        szybkiego usuni\u0119cia problemu, zagro\u017cenia i zabezpieczenia\r\n                        interes\u00f3w wszystkich Us\u0142ugobiorc\u00f3w Serwisu.\r\n                    <\/li>\r\n                    <li>\r\n                        W przypadku kontaktu Us\u0142ugobiorcy z Us\u0142ugodawc\u0105 w sprawie\r\n                        incydentu bezpiecze\u0144stwa, dane osobowe Us\u0142ugobiorc\u00f3w b\u0119d\u0105\r\n                        przetwarzane zgodnie z Polityk\u0105 Prywatno\u015bci.\r\n                    <\/li>\r\n                <\/ol>\r\n            <\/li>\r\n            <li>\r\n                Us\u0142ugodawca zobowi\u0105zuje si\u0119 do \u015bwiadczenia Us\u0142ug w zakresie i na\r\n                warunkach okre\u015blonych w Regulaminie.\r\n            <\/li>\r\n            <li>\r\n                Wszelkie us\u0142ugi Serwisu mog\u0105 by\u0107 zmieniane co do ich tre\u015bci\r\n                i zakresu, dodawane, modyfikowane lub usuwane, a tak\u017ce czasowo\r\n                zawieszane wed\u0142ug swobodnej decyzji Us\u0142ugodawcy. Us\u0142ugodawca\r\n                zapewnia, \u017ce zmiany nie pogorsz\u0105 jako\u015bci Us\u0142ug jak r\u00f3wnie\u017c\r\n                nie wp\u0142yn\u0105 na zakres praw i obowi\u0105zk\u00f3w obydwu Stron.\r\n            <\/li>\r\n            <li>\r\n                Warunki umieszczania tre\u015bci (komentowania) przez Us\u0142ugobiorc\u00f3w\r\n                w Serwisie jak r\u00f3wnie\u017c w serwisach partnerskich, w kt\u00f3rych\r\n                Us\u0142ugobiorca zamieszcza tre\u015bci wi\u0105zane z jego dzia\u0142alno\u015bci:\r\n                <ol>\r\n                    <li>\r\n                        zabrania si\u0119 umieszczania tre\u015bci obra\u017aliwych lub oszczerczych\r\n                        wzgl\u0119dem Us\u0142ugodawcy, pozosta\u0142ych Us\u0142ugobiorc\u00f3w, os\u00f3b trzecich\r\n                        oraz podmiot\u00f3w trzecich,\r\n                    <\/li>\r\n                    <li>\r\n                        zabrania si\u0119 umieszczania materia\u0142\u00f3w tekstowych, graficznych,\r\n                        audiowizualnych i skrypt\u00f3w,\r\n                    <\/li>\r\n                    <li>\r\n                        zabrania si\u0119 umieszczania tre\u015bci wulgarnych, pornograficznych,\r\n                        erotycznych, rasistowskich i niezgodnych z polskim i europejskim\r\n                        prawem a tak\u017ce odno\u015bnik\u00f3w do stron zawieraj\u0105cych wskazane\r\n                        tre\u015bci,\r\n                    <\/li>\r\n                    <li>\r\n                        zabrania si\u0119 umieszczania tre\u015bci marketingowych i reklamuj\u0105cych\r\n                        inne serwisy komercyjne, produkty, us\u0142ugi czy komercyjne strony\r\n                        internetowe,\r\n                    <\/li>\r\n                    <li>\r\n                        Us\u0142ugodawca zastrzega sobie prawo do usuwania tre\u015bci, kt\u00f3re\r\n                        s\u0105 niezgodne z niniejszym Regulaminem i powszechnie\r\n                        obowi\u0105zuj\u0105cymi zasadami wsp\u00f3\u0142\u017cycia spo\u0142ecznego.\r\n                    <\/li>\r\n                <\/ol>\r\n            <\/li>\r\n        <\/ol>\r\n        <h4>\u00a74. GROMADZENIE DANYCH OSOBOWYCH\r\n            O US\u0141UGOBIORCACH<\/h4>\r\n            <ol>\r\n                <li>W celu prawid\u0142owego \u015bwiadczenia us\u0142ug przez Serwis, zabezpieczenia\r\n                    prawnego interesu Us\u0142ugodawcy oraz w celu zapewnienia zgodno\u015bci\r\n                    dzia\u0142ania Serwisu z obowi\u0105zuj\u0105cym przepisami prawa, Us\u0142ugodawca\r\n                    za po\u015brednictwem Serwisu gromadzi i przetwarza niekt\u00f3re dane\r\n                    o Us\u0142ugobiorcach.\r\n                <\/li>\r\n                <li>\r\n                    W celu prawid\u0142owego \u015bwiadczenia us\u0142ug, Serwis wykorzystuje\r\n                    i zapisuje niekt\u00f3re anonimowe informacje o Us\u0142ugobiorcy w plikach\r\n                    cookies.\r\n                <\/li>\r\n                <li>\r\n                    Zakres, cele, spos\u00f3b oraz zasady przetwarzania danych dost\u0119pne\r\n                    s\u0105 w \u201ePolityce Prywatno\u015bci i plik\u00f3w cookies\u201d stanowi\u0105c\u0105 integraln\u0105\r\n                    cz\u0119\u015b\u0107 Regulaminu.\r\n                <\/li>\r\n\r\n            <\/ol>\r\n    <h4>\r\n        \u00a75. REKLAMACJE\r\n    <\/h4>\r\n    <ol>\r\n        <li>\r\n            Us\u0142ugobiorca uprawniony jest do kierowania do Us\u0142ugodawcy\r\n            Reklamacji za pomocn\u0105 poni\u017cszych kana\u0142\u00f3w komunikacji:\r\n            <ol>\r\n                <li>\r\n                    pisemnie na adres: Wanted Polska Sp. z o.o. ul. Dworcowa 3,\r\n                    34-300 \u017bywiec,\r\n                <\/li>\r\n                <li>\r\n                    elektronicznie na adres e-mail: biuro@wantedpolska.pl .\r\n                <\/li>\r\n            <\/ol>\r\n        <\/li>\r\n        <li>\r\n            Reklamacja dotycz\u0105ca Us\u0142ug Serwisu powinna zawiera\u0107:\r\n            <ol>\r\n                <li>\r\n                    dane Us\u0142ugobiorcy zg\u0142aszaj\u0105cego Reklamacj\u0119,\r\n                <\/li>\r\n                <li>\r\n                    okres, za kt\u00f3ry lub w kt\u00f3rym wyst\u0105pi\u0142a Reklamacja,\r\n                <\/li>\r\n                <li>\r\n                    opis okoliczno\u015bci powstania Reklamacji,\r\n                <\/li>\r\n                <li>\r\n                    opis konsekwencji wywo\u0142anych powstaniem Reklamacji\r\n                <\/li>\r\n                <li>\r\n                    podpis Us\u0142ugobiorcy, w przypadku pisemnego z\u0142o\u017cenia Reklamacji,\r\n                <\/li>\r\n                <li>\r\n                    Spos\u00f3b dostarczenia odpowiedzi i dane adresowe, je\u017celi odpowied\u017a\r\n                    na Reklamacj\u0119 ma by\u0107 udzielona inny kana\u0142 komunikacji ni\u017c tym,\r\n                    kt\u00f3rym zosta\u0142a przekazana do Us\u0142ugobiorcy,\r\n                <\/li>\r\n            <\/ol>\r\n        <\/li>\r\n        <li>\r\n            Po z\u0142o\u017ceniu przez Us\u0142ugobiorc\u0119 Reklamacji, zgodnie z wymagan iami,\r\n            o kt\u00f3rych mowa w \u00a7 5, Us\u0142ugodawca rozpatruje Reklamacj\u0119 i udziela\r\n            Us\u0142ugobiorcy odpowiedzi tym samym kana\u0142em komunikacji, chyba,\r\n            \u017ce Us\u0142ugobiorca wskaza\u0142 inny.\r\n        <\/li>\r\n        <li>\r\n            Us\u0142ugodawca udziela odpowiedzi, bez zb\u0119dnej zw\u0142oki, jednak\r\n            nie p\u00f3\u017aniej ni\u017c w terminie 30 dni od dnia otrzymania Reklamacji.\r\n        <\/li>\r\n        <li>\r\n            W szczeg\u00f3lnie skomplikowanych przypadkach, uniemo\u017cliwiaj\u0105cych\r\n            rozpatrzenie Reklamacji i udzielenie odpowiedzi w terminie, o kt\u00f3rym\r\n            mowa powy\u017cej w ust\u0119pie 4 powy\u017cej, Us\u0142ugodawca przekazuje\r\n            Us\u0142ugobiorcy informacj\u0119 wyja\u015bniaj\u0105c przyczyn\u0119 op\u00f3\u017anienia, wskazuj\u0105c\r\n            okoliczno\u015bci, kt\u00f3re musz\u0105 zosta\u0107 ustalone dla rozpatrzenia Reklamacji\r\n            jak r\u00f3wnie\u017c okre\u015bla przewidywany termin rozpatrzenia Reklamacji\r\n            i udzielenia odpowiedzi, kt\u00f3ry nie mo\u017ce przekroczy\u0107 60 dni od dnia\r\n            otrzymania Reklamacji.\r\n        <\/li>\r\n    <\/ol>\r\n    <h4>\r\n        \u00a76. ZMIANY REGULAMINU\r\n    <\/h4>\r\n    <ol>\r\n        <li>\r\n            Us\u0142ugodawca zastrzega sobie prawo dokonania zmian w Regulaminie.\r\n            O tre\u015bci zmian Us\u0142ugobiorca zostanie powiadomiony poprzez\r\n            umieszczenie zmienionego Regulaminu w Serwisie.\r\n        <\/li>\r\n        <li>\r\n            Korzystanie przez Us\u0142ugobiorc\u0119 z Serwisu po wprowadzeniu tych\r\n            zmian jest r\u00f3wnoznaczne z ich akceptacj\u0105\r\n        <\/li>\r\n        <li>\r\n            W przypadku zmiany Regulaminu jego postanowienia wchodz\u0105 w \u017cycie\r\n            natychmiast po jego publikacji.\r\n        <\/li>\r\n        <li>\r\n            W sprawach nieuregulowanych, zastosowanie maj\u0105 powszechnie\r\n            obowi\u0105zuj\u0105ce przepisy prawa polskiego, w szczeg\u00f3lno\u015bci przepisy\r\n            Kodeksu cywilnego, ustawy o prawie autorskim i prawach pokrewnych, ustawy o ochronie danych osobowych oraz ustawy o \u015bwiadczeniu\r\n            us\u0142ug drog\u0105 elektroniczn\u0105 jak r\u00f3wnie\u017c rozporz\u0105dzenie Parlamentu\r\n            Europejskiego i rady w sprawie ochrony os\u00f3b fizycznych w zwi\u0105zku\r\n            z przetwarzaniem danych i w sprawie swobodnego przep\u0142ywu takich\r\n            danych oraz uchylenia dyrektywy 95\/46\/WE o ochronie danych\r\n            osobowych.\r\n        <\/li>\r\n        <li>\r\n            Prawem w\u0142a\u015bciwym dla praw i obowi\u0105zk\u00f3w dotycz\u0105cych korzystania\r\n            z Serwisu przez Us\u0142ugobiorc\u0119 jest prawo polskie.\r\n        <\/li>\r\n    <\/ol>\r\n    <h4>\u00a77. POSTANOWIENIA KO\u0143COWE<\/h4>\r\n    <ol>\r\n        <li>\r\n            Us\u0142ugodawca dokona wszelkich s tara\u0144 by Us\u0142ugi oferowane\r\n            przez Serwis nast\u0119powa\u0142y w spos\u00f3b ci\u0105g\u0142y. Nie ponosi on jednak\r\n            odpowiedzialno\u015bci za zak\u0142\u00f3cenia spowodowane si\u0142\u0105 wy\u017csz\u0105, na kt\u00f3r\u0105\r\n            Us\u0142ugodawca nie mia\u0142 wp\u0142ywu.\r\n        <\/li>\r\n        <li>\r\n            Us\u0142ugodawca zastrzega sobie prawo do zmiany jakichkolwiek\r\n            informacji umieszczonych w Serwisie w wybranym przez Us\u0142ugodawc\u0119\r\n            terminie, bez konieczno\u015bci uprzedniego powiadomienia\r\n            Us\u0142ugobiorc\u00f3w korzystaj\u0105cych z Us\u0142ug Serwisu.\r\n        <\/li>\r\n        <li>\r\n            Us\u0142ugodawca nie ponosi odpowiedzialno\u015bci za konsekwen cje\r\n            Us\u0142ugobiorcy w tym ewentualne szkody, kt\u00f3re powsta\u0142y w wyniku\r\n            przekazania przez Us\u0142ugobiorc\u0119 niekompletnych lub nieprawdziwych\r\n            informacji w chwili korzystania z Serwisu.\r\n        <\/li>\r\n        <li>\r\n            Us\u0142ugodawca zastrzega sobie prawo do czasowego, ca\u0142kowitego\r\n            lub cz\u0119\u015bciowego wy\u0142\u0105czenia Serwisu w celu jego ulepszenia,\r\n            dodawania Us\u0142ug lub przeprowadzania konserwacji,\r\n            bez wcze\u015bniejszego uprzedzania o tym Us\u0142ugobiorc\u00f3w.\r\n        <\/li>\r\n        <li>\r\n            Kontakt przy u\u017cyciu wskazanych \u015brodk\u00f3w komunikacji nast\u0119puje\r\n            wy\u0142\u0105cznie w sprawach zwi\u0105zanych z prowadzonym Serwisem.\r\n        <\/li>\r\n\r\n    <\/ol>\r\n<\/body>\r\n<\/html>\r\n<\/div><\/div><\/div><\/div><\/div><\/section>","protected":false},"excerpt":{"rendered":"","protected":false},"author":1,"featured_media":0,"parent":0,"menu_order":0,"comment_status":"closed","ping_status":"closed","template":"","meta":{"footnotes":""},"class_list":["post-1356","page","type-page","status-publish","hentry"],"_links":{"self":[{"href":"https:\/\/wantedpolska.pl\/en\/wp-json\/wp\/v2\/pages\/1356","targetHints":{"allow":["GET"]}}],"collection":[{"href":"https:\/\/wantedpolska.pl\/en\/wp-json\/wp\/v2\/pages"}],"about":[{"href":"https:\/\/wantedpolska.pl\/en\/wp-json\/wp\/v2\/types\/page"}],"author":[{"embeddable":true,"href":"https:\/\/wantedpolska.pl\/en\/wp-json\/wp\/v2\/users\/1"}],"replies":[{"embeddable":true,"href":"https:\/\/wantedpolska.pl\/en\/wp-json\/wp\/v2\/comments?post=1356"}],"version-history":[{"count":2,"href":"https:\/\/wantedpolska.pl\/en\/wp-json\/wp\/v2\/pages\/1356\/revisions"}],"predecessor-version":[{"id":1358,"href":"https:\/\/wantedpolska.pl\/en\/wp-json\/wp\/v2\/pages\/1356\/revisions\/1358"}],"wp:attachment":[{"href":"https:\/\/wantedpolska.pl\/en\/wp-json\/wp\/v2\/media?parent=1356"}],"curies":[{"name":"wp","href":"https:\/\/api.w.org\/{rel}","templated":true}]}}