{"id":169,"date":"2017-03-08T09:46:48","date_gmt":"2017-03-08T09:46:48","guid":{"rendered":"http:\/\/wp1.themexlab.com\/newwp\/experts\/?page_id=169"},"modified":"2026-01-12T10:38:38","modified_gmt":"2026-01-12T10:38:38","slug":"poszukiwanie_kontaktu","status":"publish","type":"page","link":"https:\/\/wantedpolska.pl\/en\/poszukiwanie_kontaktu\/","title":{"rendered":"Contact seeking"},"content":{"rendered":"<p><section class=\"kc-elm kc-css-353735 kc_row service style-2 sec-padd\"><div class=\"kc-row-container  kc-container\"><div class=\"kc-wrap-columns\"><div class=\"kc-elm kc-css-150273 kc_col-sm-3 kc_column kc_col-sm-3 service-sidebar\"><div class=\"kc-col-container\"><div class=\"kc-elm kc-css-545564 widget-area kc-wp-sidebar\"><div id=\"nav_menu-2\" class=\"side-bar service-widget widget_nav_menu\"><div class=\"menu-service-menu-container\"><ul id=\"menu-service-menu\" class=\"menu\"><li id=\"menu-item-450\" class=\"menu-item menu-item-type-post_type menu-item-object-page menu-item-450\"><a href=\"https:\/\/wantedpolska.pl\/en\/poszukiwanie_kontaktu\/\">Contact seeking<\/a><\/li>\n<li id=\"menu-item-482\" class=\"menu-item menu-item-type-post_type menu-item-object-page menu-item-482\"><a rel=\"httpswantedpolskaplweryfikacja_kontrahenta\" href=\"https:\/\/wantedpolska.pl\/en\/weryfikacja_kontrahenta\/\">Contractor Verification<\/a><\/li>\n<li id=\"menu-item-553\" class=\"menu-item menu-item-type-post_type menu-item-object-page menu-item-553\"><a href=\"https:\/\/wantedpolska.pl\/en\/sprawdzenie_dluznika\/\">Debtor Check<\/a><\/li>\n<li id=\"menu-item-449\" class=\"menu-item menu-item-type-post_type menu-item-object-page menu-item-449\"><a href=\"https:\/\/wantedpolska.pl\/en\/ochrona_biznesu_i_marki\/\">Business and Brand Protection<\/a><\/li>\n<li id=\"menu-item-551\" class=\"menu-item menu-item-type-post_type menu-item-object-page menu-item-551\"><a href=\"https:\/\/wantedpolska.pl\/en\/bezpieczenstwo_informacji\/\">Information Security<\/a><\/li>\n<li id=\"menu-item-552\" class=\"menu-item menu-item-type-post_type menu-item-object-page menu-item-552\"><a href=\"https:\/\/wantedpolska.pl\/en\/audyt_nieruchomosci\/\">Real Estate Audit<\/a><\/li>\n<\/ul><\/div><\/div><div id=\"bunch_contact_info-2\" class=\"side-bar service-widget widget_bunch_contact_info\">      \t\t\t\t\t\n\t\t\t<div class=\"service-sidebar\">\n\t\t\t\t<div class=\"contact-info2\">\n\t\t\t\t\t<h4>Contact Us!<\/h4>\n\t\t\t\t\t<div class=\"text\">\n\t\t\t\t\t\t<p>Our experts will provide answers to all your questions. <\/p>\n\t\t\t\t\t<\/div>\n\t\t\t\t\t<ul>\n\t\t\t\t\t\t<li><i class=\"fa fa-phone\"><\/i>Telefon:  732 102 102<\/li>\n\t\t\t\t\t\t<li><i class=\"fa fa-envelope\"><\/i><a href=\"mailto:biuro@wantedpolska.pl\">biuro@wantedpolska.pl<\/a><\/li>\n\t\t\t\t\t<\/ul>\n\t\t\t\t\t<a href=\"https:\/\/wantedpolska.pl\/en\/wycene\/\" class=\"thm-btn\">REQUEST A QUOTE<\/a>\n\t\t\t\t<\/div>\n\t\t\t<\/div>\n            \n\t<\/div><\/div><\/div><\/div><div class=\"kc-elm kc-css-501610 kc_col-sm-9 kc_column kc_col-sm-9\"><div class=\"kc-col-container\"><div class=\"intro-img\">\n\t<div class=\"img-box\">\n\t\t\t\t<a href=\"#\" target=\"_blank\"><img decoding=\"async\" src=\"https:\/\/wantedpolska.pl\/wp-content\/uploads\/2023\/11\/Sprawdzanie-dluznika-300x200.jpg\" alt=\"image\"><\/a>\n\t<\/div>\n<\/div>\n<div class=\"text\">\n\t<p>We provide a service for searching <strong>current contact information for debtors,<\/strong>both individuals <br> and businesses. Current contact information enhances the effectiveness of claim recovery and increases your chances of recovering your funds sooner.<\/p>\r\n<p>If you wish to contact the debtor regarding the repayment of the obligation, this service will supplement your knowledge <br> and increase the chances of effective debt collection.<br \/>In a very short time, based on all permissible methods, we will determine <strong>the current registered or residential addresses of debtors, their phone numbers, and email addresses for you.<\/strong><\/p>\r\n<p>&nbsp;<\/p>\r\n<p><span data-mce-type=\"bookmark\" style=\"width: 0px;overflow: hidden;line-height: 0\" class=\"mce_SELRES_start\"><\/span><\/p>\r\n<p><span data-mce-type=\"bookmark\" style=\"width: 0px;overflow: hidden;line-height: 0\" class=\"mce_SELRES_start\"><\/span><\/p>\r\n<p><span data-mce-type=\"bookmark\" style=\"width: 0px;overflow: hidden;line-height: 0\" class=\"mce_SELRES_start\"><\/span><\/p>\r\n<p><span data-mce-type=\"bookmark\" style=\"width: 0px;overflow: hidden;line-height: 0\" class=\"mce_SELRES_start\"><\/span><\/p>\r\n<span data-mce-type=\"bookmark\" style=\"width: 0px;overflow: hidden;line-height: 0\" class=\"mce_SELRES_start\"><\/span><\/div>  \n<br><br><div class=\"inner-title\">\n\t<h3>The scope of determined data<\/h3>\n<\/div> \n<div class=\"row\">\n\t\t\t\t<div class=\"col-md-4 col-sm-4 col-xs-12\">\n\t\t\t<div class=\"growth-item center\">\n\t\t\t\t<div class=\"icon_box\">\n\t\t\t\t\t<span class=\"et-piechart\"><\/span>\n\t\t\t\t<\/div>\n\t\t\t\t<a href=\"#\" target=\"_blank\"><h4>Addresses - registered, residential, business<\/h4><\/a>\n\t\t\t\t<div class=\"content center\">\n\t\t\t\t\t<p>Effective delivery of debt collection correspondence and legal documents.<\/p>\n\t\t\t\t<\/div>\n\t\t\t\t<a href=\"#\" target=\"_blank\" class=\"thm-btn2\"><\/a>\n\t\t\t<\/div>\n\t\t<\/div>\n\t\t\t\t<div class=\"col-md-4 col-sm-4 col-xs-12\">\n\t\t\t<div class=\"growth-item center\">\n\t\t\t\t<div class=\"icon_box\">\n\t\t\t\t\t<span class=\"fa-line-chart\"><\/span>\n\t\t\t\t<\/div>\n\t\t\t\t<a href=\"#\" target=\"_blank\"><h4>Phone number and email address<\/h4><\/a>\n\t\t\t\t<div class=\"content center\">\n\t\t\t\t\t<p>Ability to conduct amicable negotiation for debt repayment<\/p>\n\t\t\t\t<\/div>\n\t\t\t\t<a href=\"#\" target=\"_blank\" class=\"thm-btn2\"><\/a>\n\t\t\t<\/div>\n\t\t<\/div>\n\t\t\t\t<div class=\"col-md-4 col-sm-4 col-xs-12\">\n\t\t\t<div class=\"growth-item center\">\n\t\t\t\t<div class=\"icon_box\">\n\t\t\t\t\t<span class=\"sl-support\"><\/span>\n\t\t\t\t<\/div>\n\t\t\t\t<a href=\"#\" target=\"_blank\"><h4>Company data<\/h4><\/a>\n\t\t\t\t<div class=\"content center\">\n\t\t\t\t\t<p>Komplet informacji o d\u0142u\u017cniku to wi\u0119ksze szanse na odzyskanie nale\u017cno\u015bci.<\/p>\n\t\t\t\t<\/div>\n\t\t\t\t<a href=\"#\" target=\"_blank\" class=\"thm-btn2\"><\/a>\n\t\t\t<\/div>\n\t\t<\/div>\n\t\t\n<\/div><br><div class=\"section-title\">\n\t<h3>Why choose WANTED POLSKA<\/h3>\n<\/div>\n<div class=\"text\">\n\t<p>We gather experts with years of experience in economic intelligence and detective work, ensuring that we always propose appropriate solutions. We help protect and grow our clients' businesses.<\/p>\n<\/div>\n<div class=\"tabs-outer\">\n\t<!--Tabs Box-->\n\t<div class=\"tabs-box tabs-style-two\">\n\t\t<!--Tab Buttons-->\n\t\t<ul class=\"tab-buttons clearfix\">\n\t\t\t\t\t\t\t<li data-tab=\"#tab-one1\" class=\"tab-btn active-btn\">Professional<\/li>\n\t\t\t\t\t\t\t<li data-tab=\"#tab-one2\" class=\"tab-btn\">Ethics<\/li>\n\t\t\t\t\t\t\t<li data-tab=\"#tab-one3\" class=\"tab-btn\">Individual approach<\/li>\n\t\t\t\t\t\t\t<li data-tab=\"#tab-one4\" class=\"tab-btn\">Modern solutions<\/li>\n\t\t\t\t\t<\/ul>\n\n\t\t<!--Tabs Content-->\n\t\t<div class=\"tabs-content\">\n\t\t\t\t\t\t\t<!--Tab \/ Active Tab-->\n\t\t\t\t<div class=\"tab active-tab\" id=\"tab-one1\" >\n\t\t\t\t\t<div class=\"text-content clearfix\">\n\t\t\t\t\t\t<div class=\"img-box float_left\">\n\t\t\t\t\t\t\t\t\t\t\t\t\t\t<a href=\"#\" target=\"_blank\"><img decoding=\"async\" src=\"https:\/\/wantedpolska.pl\/wp-content\/uploads\/2017\/03\/8.jpg\" alt=\"image\"><\/a>\n\t\t\t\t\t\t<\/div>\n\t\t\t\t\t\t<div class=\"text float_left\"><p><span data-mce-type=\"bookmark\" style=\"width: 0px;overflow: hidden;line-height: 0\" class=\"mce_SELRES_start\"><\/span>With the utmost care and reliability, we provide our clients with trustworthy information so they can make informed decisions<br \/> in both business and private spheres.<br \/>\r\n<br \/> Access to accurate information is fundamental to the efficient functioning of any enterprise.<\/p>\r\n<span data-mce-type=\"bookmark\" style=\"width: 0px;overflow: hidden;line-height: 0\" class=\"mce_SELRES_start\"><\/span><\/div>\n\t\t\t\t\t<\/div>\n\t\t\t\t<\/div>\n\t\t\t\t\t\t\t<!--Tab \/ Active Tab-->\n\t\t\t\t<div class=\"tab\" id=\"tab-one2\" >\n\t\t\t\t\t<div class=\"text-content clearfix\">\n\t\t\t\t\t\t<div class=\"img-box float_left\">\n\t\t\t\t\t\t\t\t\t\t\t\t\t\t<a href=\"#\" target=\"_blank\"><img decoding=\"async\" src=\"https:\/\/wantedpolska.pl\/wp-content\/uploads\/2017\/03\/8.jpg\" alt=\"image\"><\/a>\n\t\t\t\t\t\t<\/div>\n\t\t\t\t\t\t<div class=\"text float_left\"><p>In our activities, we always operate in accordance\nwith the applicable law and professional ethics.<\/p>\r\n<p><br>All our actions are carried out based on issued permits and licenses.<\/p>\r\n<span data-mce-type=\"bookmark\" style=\"width: 0px;overflow: hidden;line-height: 0\" class=\"mce_SELRES_start\"><\/span><\/div>\n\t\t\t\t\t<\/div>\n\t\t\t\t<\/div>\n\t\t\t\t\t\t\t<!--Tab \/ Active Tab-->\n\t\t\t\t<div class=\"tab\" id=\"tab-one3\" >\n\t\t\t\t\t<div class=\"text-content clearfix\">\n\t\t\t\t\t\t<div class=\"img-box float_left\">\n\t\t\t\t\t\t\t\t\t\t\t\t\t\t<a href=\"#\" target=\"_blank\"><img decoding=\"async\" src=\"https:\/\/wantedpolska.pl\/wp-content\/uploads\/2017\/03\/8.jpg\" alt=\"image\"><\/a>\n\t\t\t\t\t\t<\/div>\n\t\t\t\t\t\t<div class=\"text float_left\"><p><span data-mce-type=\"bookmark\" style=\"width: 0px;overflow: hidden;line-height: 0\" class=\"mce_SELRES_start\"><\/span>We always tailor our services to the needs of our clients.<br \/>There are no two identical assignments for us.<\/p>\r\n<br \/>\r\n<p>We identify clients' needs and deliver optimal solutions.<\/p>\r\n<span data-mce-type=\"bookmark\" style=\"width: 0px;overflow: hidden;line-height: 0\" class=\"mce_SELRES_start\"><\/span><\/div>\n\t\t\t\t\t<\/div>\n\t\t\t\t<\/div>\n\t\t\t\t\t\t\t<!--Tab \/ Active Tab-->\n\t\t\t\t<div class=\"tab\" id=\"tab-one4\" >\n\t\t\t\t\t<div class=\"text-content clearfix\">\n\t\t\t\t\t\t<div class=\"img-box float_left\">\n\t\t\t\t\t\t\t\t\t\t\t\t\t\t<a href=\"#\" target=\"_blank\"><img decoding=\"async\" src=\"https:\/\/wantedpolska.pl\/wp-content\/uploads\/2017\/03\/8.jpg\" alt=\"image\"><\/a>\n\t\t\t\t\t\t<\/div>\n\t\t\t\t\t\t<div class=\"text float_left\"><p>We utilize modern technologies that streamline<br \/>\r\nand expedite the execution time of orders.<\/p>\r\n<br \/>\r\n<p>The solutions we employ enable us to act swiftly and deliver reliable business information<\/p>\r\n<p><br \/><\/p>\r\n<span data-mce-type=\"bookmark\" style=\"width: 0px;overflow: hidden;line-height: 0\" class=\"mce_SELRES_start\"><\/span><\/div>\n\t\t\t\t\t<\/div>\n\t\t\t\t<\/div>\n\t\t\t\t\t\t\n\t\t<\/div>\n\t\t\n\t<\/div>\n<\/div><br><br><br><\/div><\/div><\/div><\/div><\/section><section class=\"kc-elm kc-css-312618 kc_row\"><div class=\"kc-row-container\"><div class=\"kc-wrap-columns\"><div class=\"kc-elm kc-css-712407 kc_col-sm-12 kc_column kc_col-sm-12\"><div class=\"kc-col-container\"><div class=\"call-out\">\n    <div class=\"container\">\n        <div class=\"row\">\n            <div class=\"col-md-3 col-sm-12\">\n                <figure class=\"logo\">\n                    <a href=\"https:\/\/wantedpolska.pl\/en\/wycene\/\" target=\"_blank\"><img decoding=\"async\" src=\"https:\/\/wantedpolska.pl\/wp-content\/uploads\/2022\/01\/logo_wanted_white.png\" alt=\"image\"><\/a>\n                <\/figure>\n            <\/div>\n            <div class=\"col-md-9 col-sm-12\">\n                <div class=\"float_left\">\n                    <h4>Providing Reliable and Trustworthy Information for Over 5 Years<\/h4>\n                <\/div>\n                <div class=\"float_right\">\n                    <a href=\"https:\/\/wantedpolska.pl\/en\/wycene\/\" target=\"_blank\" class=\"thm-btn-tr\">REQUEST A QUOTE<\/a>\n                <\/div>\n            <\/div>\n        <\/div>\n                \n    <\/div>\n<\/div><\/div><\/div><\/div><\/div><\/section><\/p>","protected":false},"excerpt":{"rendered":"","protected":false},"author":1,"featured_media":0,"parent":0,"menu_order":0,"comment_status":"closed","ping_status":"closed","template":"tpl-king_composer.php","meta":{"footnotes":""},"class_list":["post-169","page","type-page","status-publish","hentry"],"_links":{"self":[{"href":"https:\/\/wantedpolska.pl\/en\/wp-json\/wp\/v2\/pages\/169","targetHints":{"allow":["GET"]}}],"collection":[{"href":"https:\/\/wantedpolska.pl\/en\/wp-json\/wp\/v2\/pages"}],"about":[{"href":"https:\/\/wantedpolska.pl\/en\/wp-json\/wp\/v2\/types\/page"}],"author":[{"embeddable":true,"href":"https:\/\/wantedpolska.pl\/en\/wp-json\/wp\/v2\/users\/1"}],"replies":[{"embeddable":true,"href":"https:\/\/wantedpolska.pl\/en\/wp-json\/wp\/v2\/comments?post=169"}],"version-history":[{"count":43,"href":"https:\/\/wantedpolska.pl\/en\/wp-json\/wp\/v2\/pages\/169\/revisions"}],"predecessor-version":[{"id":1405,"href":"https:\/\/wantedpolska.pl\/en\/wp-json\/wp\/v2\/pages\/169\/revisions\/1405"}],"wp:attachment":[{"href":"https:\/\/wantedpolska.pl\/en\/wp-json\/wp\/v2\/media?parent=169"}],"curies":[{"name":"wp","href":"https:\/\/api.w.org\/{rel}","templated":true}]}}