{"id":188,"date":"2017-03-08T11:52:28","date_gmt":"2017-03-08T11:52:28","guid":{"rendered":"http:\/\/wp1.themexlab.com\/newwp\/experts\/?page_id=188"},"modified":"2026-01-12T10:38:59","modified_gmt":"2026-01-12T10:38:59","slug":"weryfikacja_kontrahenta","status":"publish","type":"page","link":"https:\/\/wantedpolska.pl\/en\/weryfikacja_kontrahenta\/","title":{"rendered":"Contractor Verification"},"content":{"rendered":"<p><section class=\"kc-elm kc-css-349611 kc_row\"><div class=\"kc-row-container  kc-container\"><div class=\"kc-wrap-columns\"><div class=\"kc-elm kc-css-818308 kc_col-sm-12 kc_column kc_col-sm-12\"><div class=\"kc-col-container\"><\/div><\/div><\/div><\/div><\/section><section class=\"kc-elm kc-css-5715 kc_row service style-2 sec-padd\"><div class=\"kc-row-container  kc-container\"><div class=\"kc-wrap-columns\"><div class=\"kc-elm kc-css-101704 kc_col-sm-3 kc_column kc_col-sm-3 service-sidebar\"><div class=\"kc-col-container\"><div class=\"kc-elm kc-css-476587 widget-area kc-wp-sidebar\"><div id=\"nav_menu-2\" class=\"side-bar service-widget widget_nav_menu\"><div class=\"menu-service-menu-container\"><ul id=\"menu-service-menu\" class=\"menu\"><li id=\"menu-item-450\" class=\"menu-item menu-item-type-post_type menu-item-object-page menu-item-450\"><a href=\"https:\/\/wantedpolska.pl\/en\/poszukiwanie_kontaktu\/\">Contact seeking<\/a><\/li>\n<li id=\"menu-item-482\" class=\"menu-item menu-item-type-post_type menu-item-object-page menu-item-482\"><a rel=\"httpswantedpolskaplweryfikacja_kontrahenta\" href=\"https:\/\/wantedpolska.pl\/en\/weryfikacja_kontrahenta\/\">Contractor Verification<\/a><\/li>\n<li id=\"menu-item-553\" class=\"menu-item menu-item-type-post_type menu-item-object-page menu-item-553\"><a href=\"https:\/\/wantedpolska.pl\/en\/sprawdzenie_dluznika\/\">Debtor Check<\/a><\/li>\n<li id=\"menu-item-449\" class=\"menu-item menu-item-type-post_type menu-item-object-page menu-item-449\"><a href=\"https:\/\/wantedpolska.pl\/en\/ochrona_biznesu_i_marki\/\">Business and Brand Protection<\/a><\/li>\n<li id=\"menu-item-551\" class=\"menu-item menu-item-type-post_type menu-item-object-page menu-item-551\"><a href=\"https:\/\/wantedpolska.pl\/en\/bezpieczenstwo_informacji\/\">Information Security<\/a><\/li>\n<li id=\"menu-item-552\" class=\"menu-item menu-item-type-post_type menu-item-object-page menu-item-552\"><a href=\"https:\/\/wantedpolska.pl\/en\/audyt_nieruchomosci\/\">Real Estate Audit<\/a><\/li>\n<\/ul><\/div><\/div><div id=\"bunch_contact_info-2\" class=\"side-bar service-widget widget_bunch_contact_info\">      \t\t\t\t\t\n\t\t\t<div class=\"service-sidebar\">\n\t\t\t\t<div class=\"contact-info2\">\n\t\t\t\t\t<h4>Contact Us!<\/h4>\n\t\t\t\t\t<div class=\"text\">\n\t\t\t\t\t\t<p>Our experts will provide answers to all your questions. <\/p>\n\t\t\t\t\t<\/div>\n\t\t\t\t\t<ul>\n\t\t\t\t\t\t<li><i class=\"fa fa-phone\"><\/i>Telefon:  732 102 102<\/li>\n\t\t\t\t\t\t<li><i class=\"fa fa-envelope\"><\/i><a href=\"mailto:biuro@wantedpolska.pl\">biuro@wantedpolska.pl<\/a><\/li>\n\t\t\t\t\t<\/ul>\n\t\t\t\t\t<a href=\"https:\/\/wantedpolska.pl\/en\/wycene\/\" class=\"thm-btn\">REQUEST A QUOTE<\/a>\n\t\t\t\t<\/div>\n\t\t\t<\/div>\n            \n\t<\/div><\/div><\/div><\/div><div class=\"kc-elm kc-css-367183 kc_col-sm-9 kc_column kc_col-sm-9\"><div class=\"kc-col-container\"><div class=\"kc-elm kc-css-138942 kc-raw-code\"><!DOCTYPE html>\r\n    <head>\r\n        <meta charset=\"UTF-8\">\r\n        <meta name=\"viewport\" content=\"width=device-width, initial-scale=1.0\">\r\n    <style>\r\n            h4 {\r\n                font-family: 'Poppins', sans-serif;\r\n                padding: 15px 0;\r\n                font-size: 20px;\r\n                color: #222;\r\n            }\r\n    <\/style>\r\n    <\/head>\r\n    <body>\r\n        <h3>\r\n            We assist in selecting reliable business partners. We provide accurate information that facilitates making important business decisions.\r\n        <\/h3>\r\n        <p><br><\/p>\r\n        <div>\r\n            Checking a contractor allows entrepreneurs to assess the risk of cooperating with a particular business entity, gain a competitive advantage, and avoid losses caused by, among other things, the contractor's failure to fulfill agreements, insolvency, or delays in payment settlement.<br>\r\n                To eliminate potential future financial problems, we conduct a detailed financial analysis of the company.<br>\r\n                By clearly presenting complex information, we help clients fully assess the situation, enabling them to make informed decisions as events unfold.<br>\r\n                Before making a decision to collaborate with a contractor, it's worth checking their reliability and financial credibility.\r\n        <\/div>\r\n        <p><br><\/p>\r\n        <h3>\r\n            Advantages of service\r\n        <\/h3>\r\n        <div>\r\n            Economic intelligence is an effective tool in responsible business development and management.\r\n            <ol>\r\n                <li>\r\n                    An early warning tool against threats.\r\n                <\/li>\r\n                <li>\r\n                    Minimizing trade risk.\r\n                <\/li>\r\n                <li>\r\n                    Limiting the risk of wrong decisions.\r\n                <\/li>\r\n                <li>\r\n                    Eliminacja nierzetelnych partner\u00f3w handlowych\r\n                <\/li>\r\n            <\/ol>\r\n        <\/div>\r\n        <p><br><\/p>\r\n    <\/body>\r\n<\/html><\/div><div class=\"section-title\">\n\t<h3>The scope of determined data <\/h3>\n<\/div>\n<div class=\"row\">\n\t<div class=\"col-md-7 col-sm-7 col-xs-12\">\n\t\t<div class=\"accordion-box accordion-style-two\">\n\t\t\t\n\t\t\t\t\t\t\t<!--Start single accordion box-->\n\t\t\t\t<div class=\"accordion animated out\" data-delay=\"0\" data-animation=\"fadeInUp\">\n\t\t\t\t\t<div class=\"acc-btn active\">\n\t\t\t\t\t\t<p class=\"title\">Examination of registration data<\/p>\n\t\t\t\t\t\t<div class=\"toggle-icon\">\n\t\t\t\t\t\t\t<i class=\"plus fa fa-arrow-circle-o-right\"><\/i><i class=\"minus fa fa-arrow-circle-o-right\"><\/i>\n\t\t\t\t\t\t<\/div>\n\t\t\t\t\t<\/div>\n\t\t\t\t\t<div class=\"acc-content collapsed\">\n\t\t\t\t\t\t<div class=\"text\"><p>\n\t\t\t\t\t\t\tScope of data to be determined:\r\n<p><br><\/p>\r\na. the location and type of business activity conducted\r\n<p><br><\/p>\r\nb. ownership structure, connections, and subsidiaries,\r\n<p><br><\/p>\r\nc. data on board members and partners, including personal connections,\r\n<p><br><\/p>\r\nd. history of capital and entity transformations.\r\n\t\t\t\t\t\t<\/p><\/div>\n\t\t\t\t\t<\/div>\n\t\t\t\t<\/div>\n\t\t\t\t\t\t\t<!--Start single accordion box-->\n\t\t\t\t<div class=\"accordion animated out\" data-delay=\"0\" data-animation=\"fadeInUp\">\n\t\t\t\t\t<div class=\"acc-btn\">\n\t\t\t\t\t\t<p class=\"title\">Asset evaluation<\/p>\n\t\t\t\t\t\t<div class=\"toggle-icon\">\n\t\t\t\t\t\t\t<i class=\"plus fa fa-arrow-circle-o-right\"><\/i><i class=\"minus fa fa-arrow-circle-o-right\"><\/i>\n\t\t\t\t\t\t<\/div>\n\t\t\t\t\t<\/div>\n\t\t\t\t\t<div class=\"acc-content\">\n\t\t\t\t\t\t<div class=\"text\"><p>\n\t\t\t\t\t\t\tScope of data to be determined:\r\n<p><br><\/p>\r\na. real estate in the territory of the Republic of Poland (houses, apartments, premises, plots, warehouses), ownership and co-ownership, perpetual usufruct,\r\n\r\n<p><br><\/p>\r\nb. list of fixed assets, movables (vehicles, machinery), leasing, production lines, etc.,\r\n<p><br><\/p>\r\nc. inventory of other assets of the entity (shares, stocks, receivables), intellectual property, trademarks, patents\r\n\r\n\t\t\t\t\t\t<\/p><\/div>\n\t\t\t\t\t<\/div>\n\t\t\t\t<\/div>\n\t\t\t\t\t\t\t<!--Start single accordion box-->\n\t\t\t\t<div class=\"accordion animated out\" data-delay=\"0\" data-animation=\"fadeInUp\">\n\t\t\t\t\t<div class=\"acc-btn\">\n\t\t\t\t\t\t<p class=\"title\">Financial condition assessment<\/p>\n\t\t\t\t\t\t<div class=\"toggle-icon\">\n\t\t\t\t\t\t\t<i class=\"plus fa fa-arrow-circle-o-right\"><\/i><i class=\"minus fa fa-arrow-circle-o-right\"><\/i>\n\t\t\t\t\t\t<\/div>\n\t\t\t\t\t<\/div>\n\t\t\t\t\t<div class=\"acc-content\">\n\t\t\t\t\t\t<div class=\"text\"><p>\n\t\t\t\t\t\t\tScope of data to be determined:\r\n<p><br><\/p>\r\na. analysis of financial statements (balance sheet, profit and loss statement, cash flow statement)\r\n\r\n<p><br><\/p>\r\nb. register of bankruptcy and arrangement proceedings, court and enforcement proceedings\r\n\r\n<p><br><\/p>\r\nc. debt level\r\n<p><br><\/p>\r\nd. presence in debtor databases and registers, as well as debt markets,\r\n\r\n<p><br><\/p>\r\ne. information from the Pledge Registry,\r\n<p><br><\/p>\r\nf. sources of funding.\r\n\t\t\t\t\t\t<\/p><\/div>\n\t\t\t\t\t<\/div>\n\t\t\t\t<\/div>\n\t\t\t\t\t\t\t<!--Start single accordion box-->\n\t\t\t\t<div class=\"accordion animated out\" data-delay=\"0\" data-animation=\"fadeInUp\">\n\t\t\t\t\t<div class=\"acc-btn\">\n\t\t\t\t\t\t<p class=\"title\">Opinion on the entrepreneur<\/p>\n\t\t\t\t\t\t<div class=\"toggle-icon\">\n\t\t\t\t\t\t\t<i class=\"plus fa fa-arrow-circle-o-right\"><\/i><i class=\"minus fa fa-arrow-circle-o-right\"><\/i>\n\t\t\t\t\t\t<\/div>\n\t\t\t\t\t<\/div>\n\t\t\t\t\t<div class=\"acc-content\">\n\t\t\t\t\t\t<div class=\"text\"><p>\n\t\t\t\t\t\t\tScope of data to be determined:\r\n<p><br><\/p>\r\na. interviews among employees and partners,\r\n<p><br><\/p>\r\nb. interviews about the company owners and management personnel,\r\n<p><br><\/p>\r\nc. discreet on-site visit combined with photographic documentation,\r\n<p><br><\/p>\r\nd. specialist analysis of internet sources,\r\n<p><br><\/p>\r\ne. industry opinions about the entity.\r\n\t\t\t\t\t\t<\/p><\/div>\n\t\t\t\t\t<\/div>\n\t\t\t\t<\/div>\n\t\t\t\n\t\t<\/div>\n\t<\/div>\n\t<div class=\"col-md-5 col-sm-5 col-xs-12\">\n\t\t <div class=\"text\">\n\t\t\t<p>Zakres pozyskiwanych danych zale\u017cy<br \/>od indywidualnych ustale\u0144 z Klientem.<br \/>Na wywiad gospodarczy sk\u0142adaj\u0105 si\u0119<br \/>zasadnicze elementy:<\/p>\r\n<ul>\r\n<li>\u2022 gromadzenie,<\/li>\r\n<li>\u2022 analiza,<\/li>\r\n<li>\u2022 opracowanie i wykorzystanie informacji.<\/li>\r\n<\/ul>\r\n<p class=\"przed\"><strong>Przed rozpocz\u0119ciem zlecenia podpisujemy<br \/>z Klientem umow\u0119<\/strong>, w kt\u00f3rej dok\u0142adnie i jasno<br \/>okre\u015blony jest zakres wsp\u00f3\u0142pracy z detektywem,<br \/>a tak\u017ce warunki wynagrodzenia.<br><strong>Wanted Polska<\/strong> na zako\u0144czenie zlecenia <strong>sporz\u0105dza Raport z przeprowadzonych czynno\u015bci. <\/strong><br>Dokumentacja, jak\u0105 przygotuje dla Pa\u0144stwa<br \/>prywatny detektyw z licencj\u0105 zawiera komplet informacji.<\/p>\r\n<p><span data-mce-type=\"bookmark\" style=\"width: 0px;overflow: hidden;line-height: 0\" class=\"mce_SELRES_start\"><\/span><\/p>\r\n<span data-mce-type=\"bookmark\" style=\"width: 0px;overflow: hidden;line-height: 0\" class=\"mce_SELRES_start\"><\/span>\t\t<\/div>\n\t<\/div>\n<\/div>\n<br><\/div><\/div><\/div><\/div><\/section><section class=\"kc-elm kc-css-875548 kc_row\"><div class=\"kc-row-container\"><div class=\"kc-wrap-columns\"><div class=\"kc-elm kc-css-476891 kc_col-sm-12 kc_column kc_col-sm-12\"><div class=\"kc-col-container\"><div class=\"call-out\">\n    <div class=\"container\">\n        <div class=\"row\">\n            <div class=\"col-md-3 col-sm-12\">\n                <figure class=\"logo\">\n                    <a href=\"https:\/\/wantedpolska.pl\/en\/wycene\/\" target=\"_blank\"><img decoding=\"async\" src=\"https:\/\/wantedpolska.pl\/wp-content\/uploads\/2022\/01\/logo_wanted_white.png\" alt=\"image\"><\/a>\n                <\/figure>\n            <\/div>\n            <div class=\"col-md-9 col-sm-12\">\n                <div class=\"float_left\">\n                    <h4>Providing Reliable and Trustworthy Information for Over 5 Years<\/h4>\n                <\/div>\n                <div class=\"float_right\">\n                    <a href=\"https:\/\/wantedpolska.pl\/en\/wycene\/\" target=\"_blank\" class=\"thm-btn-tr\">REQUEST A QUOTE<\/a>\n                <\/div>\n            <\/div>\n        <\/div>\n                \n    <\/div>\n<\/div><\/div><\/div><\/div><\/div><\/section><\/p>","protected":false},"excerpt":{"rendered":"","protected":false},"author":1,"featured_media":0,"parent":0,"menu_order":0,"comment_status":"closed","ping_status":"closed","template":"tpl-king_composer.php","meta":{"footnotes":""},"class_list":["post-188","page","type-page","status-publish","hentry"],"_links":{"self":[{"href":"https:\/\/wantedpolska.pl\/en\/wp-json\/wp\/v2\/pages\/188","targetHints":{"allow":["GET"]}}],"collection":[{"href":"https:\/\/wantedpolska.pl\/en\/wp-json\/wp\/v2\/pages"}],"about":[{"href":"https:\/\/wantedpolska.pl\/en\/wp-json\/wp\/v2\/types\/page"}],"author":[{"embeddable":true,"href":"https:\/\/wantedpolska.pl\/en\/wp-json\/wp\/v2\/users\/1"}],"replies":[{"embeddable":true,"href":"https:\/\/wantedpolska.pl\/en\/wp-json\/wp\/v2\/comments?post=188"}],"version-history":[{"count":38,"href":"https:\/\/wantedpolska.pl\/en\/wp-json\/wp\/v2\/pages\/188\/revisions"}],"predecessor-version":[{"id":1406,"href":"https:\/\/wantedpolska.pl\/en\/wp-json\/wp\/v2\/pages\/188\/revisions\/1406"}],"wp:attachment":[{"href":"https:\/\/wantedpolska.pl\/en\/wp-json\/wp\/v2\/media?parent=188"}],"curies":[{"name":"wp","href":"https:\/\/api.w.org\/{rel}","templated":true}]}}