{"id":366,"date":"2017-03-10T12:56:59","date_gmt":"2017-03-10T12:56:59","guid":{"rendered":"http:\/\/wp1.themexlab.com\/newwp\/experts\/?page_id=366"},"modified":"2026-01-12T10:41:46","modified_gmt":"2026-01-12T10:41:46","slug":"ustalenia_majatkowe","status":"publish","type":"page","link":"https:\/\/wantedpolska.pl\/en\/ustalenia_majatkowe\/","title":{"rendered":"Asset determination"},"content":{"rendered":"<p><section class=\"kc-elm kc-css-287544 kc_row single-projects sec-padd-top\"><div class=\"kc-row-container  kc-container\"><div class=\"kc-wrap-columns\"><div class=\"kc-elm kc-css-390989 kc_col-sm-3 kc_column kc_col-sm-3\"><div class=\"kc-col-container\"><div class=\"kc-elm kc-css-91368 widget-area kc-wp-sidebar\"><div id=\"nav_menu-4\" class=\"side-bar service-widget widget_nav_menu\"><div class=\"menu-prywatny-menu-container\"><ul id=\"menu-prywatny-menu\" class=\"menu\"><li id=\"menu-item-885\" class=\"menu-item menu-item-type-post_type menu-item-object-page menu-item-885\"><a href=\"https:\/\/wantedpolska.pl\/en\/ustalenia_majatkowe\/\">Asset determination<\/a><\/li>\n<li id=\"menu-item-896\" class=\"menu-item menu-item-type-post_type menu-item-object-page menu-item-896\"><a href=\"https:\/\/wantedpolska.pl\/en\/sprawy-spadkowe\/\">Probate Matters<\/a><\/li>\n<li id=\"menu-item-910\" class=\"menu-item menu-item-type-post_type menu-item-object-page menu-item-910\"><a href=\"https:\/\/wantedpolska.pl\/en\/audyt_nieruchomosci_oferta_dla_osob_prywatnych\/\">Real Estate Audit<\/a><\/li>\n<\/ul><\/div><\/div><\/div><\/div><\/div><div class=\"kc-elm kc-css-804603 kc_col-sm-9 kc_column kc_col-sm-9\"><div class=\"kc-col-container\"><div class=\"kc-elm kc-css-334093 kc-raw-code\"><style=\"text-align: left;\" color: inherit; >We conduct asset investigations for divorce proceedings or the effective recovery of debts from debtors who evade repayment.   <p><br><\/p> The gathered information can be used in proceedings related to property division, determining the use of shared accommodation, or assigning it to one of the parties. Increasingly, there are cases where spouses do not have full knowledge of the assets (real estate, movable property, bank accounts) held by the other party.\r\n <p><br><\/p>\r\nWe also assist in identifying the debtor's assets to facilitate effective debt repayment.<\/p>\r\n <p><br><\/p>\r\n<div class=\"section-title\" style=\"box-sizing: border-box; position: relative; padding-bottom: 15px; margin-bottom: 20px; text-align: left;\">\r\n    <h3 style=\"box-sizing: border-box; line-height: 1.1; color: inherit; margin: 0px; font-size: 22px; padding: 0px; position: relative; text-transform: initial !important;\">\r\n        The scope of determined data\r\n    <\/h3>\r\n<\/div>\r\n<div class=\"row\" style=\"box-sizing: border-box; margin-right: -15px; margin-left: -15px;\">\r\n    <div class=\"col-md-7 col-sm-7 col-xs-12\" style=\"box-sizing: border-box; position: relative; min-height: 1px; padding-right: 15px; padding-left: 15px; float: left; width: 511.875px;\">\r\n        <div class=\"text\" style=\"box-sizing: border-box; word-break: break-word; text-align: left; color: inherit;\">\r\n            As part of the investigative activities we undertake, we will provide you with a list of data including:\r\n        <\/div>\r\n<p><br><\/p>\r\n        <ul>\r\n            <p><style=\"text-align: left;\" color: inherit; >a. Real estate properties within the territory of the Republic of Poland and the fact that they were disposed of to the detriment of creditors,<\/p>\r\n<p><br><\/p>\r\n            <p><style=\"text-align: left;\" color: inherit; >b. movable assets (cars, motorcycles, etc.) within the territory of the Republic of Poland and the fact of their disposal to the detriment of creditors,<\/p>\r\n<p><br><\/p>\r\n            <p><style=\"text-align: left;\" color: inherit; >c. other property rights (shares, stocks, and other financial assets) and the fact of their disposal to the detriment of the creditor,<\/p>\r\n<p><br><\/p>\r\n            <p><style=\"text-align: left;\" color: inherit; >d. income generated and their sources.<\/p>\r\n<p><br><\/p>\r\n        <\/ul>\r\n    <\/div>\r\n<\/div>\r\n<\/div><div class=\"section-title\">\n\t<h3>Why choose WANTED POLSKA <\/h3>\n<\/div>\n<div class=\"row\">\n\t<div class=\"col-md-7 col-sm-7 col-xs-12\">\n\t\t<div class=\"accordion-box accordion-style-two\">\n\t\t\t\n\t\t\t\t\t\t\t<!--Start single accordion box-->\n\t\t\t\t<div class=\"accordion animated out\" data-delay=\"0\" data-animation=\"fadeInUp\">\n\t\t\t\t\t<div class=\"acc-btn active\">\n\t\t\t\t\t\t<p class=\"title\">Professional<\/p>\n\t\t\t\t\t\t<div class=\"toggle-icon\">\n\t\t\t\t\t\t\t<i class=\"plus fa fa-arrow-circle-o-right\"><\/i><i class=\"minus fa fa-arrow-circle-o-right\"><\/i>\n\t\t\t\t\t\t<\/div>\n\t\t\t\t\t<\/div>\n\t\t\t\t\t<div class=\"acc-content collapsed\">\n\t\t\t\t\t\t<div class=\"text\"><p>\n\t\t\t\t\t\t\tWith the utmost care and reliability, we provide our clients with credible information so that they can properly secure their interests and make informed decisions.\r\n\t\t\t\t\t\t<\/p><\/div>\n\t\t\t\t\t<\/div>\n\t\t\t\t<\/div>\n\t\t\t\t\t\t\t<!--Start single accordion box-->\n\t\t\t\t<div class=\"accordion animated out\" data-delay=\"0\" data-animation=\"fadeInUp\">\n\t\t\t\t\t<div class=\"acc-btn\">\n\t\t\t\t\t\t<p class=\"title\">Ethics<\/p>\n\t\t\t\t\t\t<div class=\"toggle-icon\">\n\t\t\t\t\t\t\t<i class=\"plus fa fa-arrow-circle-o-right\"><\/i><i class=\"minus fa fa-arrow-circle-o-right\"><\/i>\n\t\t\t\t\t\t<\/div>\n\t\t\t\t\t<\/div>\n\t\t\t\t\t<div class=\"acc-content\">\n\t\t\t\t\t\t<div class=\"text\"><p>\n\t\t\t\t\t\t\tIn our activities, we always operate in accordance\nwith the applicable law and professional ethics.\t\t\t\t\t\t<\/p><\/div>\n\t\t\t\t\t<\/div>\n\t\t\t\t<\/div>\n\t\t\t\t\t\t\t<!--Start single accordion box-->\n\t\t\t\t<div class=\"accordion animated out\" data-delay=\"0\" data-animation=\"fadeInUp\">\n\t\t\t\t\t<div class=\"acc-btn\">\n\t\t\t\t\t\t<p class=\"title\">Individual approach<\/p>\n\t\t\t\t\t\t<div class=\"toggle-icon\">\n\t\t\t\t\t\t\t<i class=\"plus fa fa-arrow-circle-o-right\"><\/i><i class=\"minus fa fa-arrow-circle-o-right\"><\/i>\n\t\t\t\t\t\t<\/div>\n\t\t\t\t\t<\/div>\n\t\t\t\t\t<div class=\"acc-content\">\n\t\t\t\t\t\t<div class=\"text\"><p>\n\t\t\t\t\t\t\t\r\nWe always tailor our services to the needs\nof our clients. There are no two identical orders for us.\r\n\t\t\t\t\t\t<\/p><\/div>\n\t\t\t\t\t<\/div>\n\t\t\t\t<\/div>\n\t\t\t\n\t\t<\/div>\n\t<\/div>\n\t<div class=\"col-md-5 col-sm-5 col-xs-12\">\n\t\t <div class=\"text\">\n\t\t\tW swoich dzia\u0142aniach zawsze stawiamy na dyskrescj\u0119, pe\u0142en profesjonalizm i post\u0119powanie zgodnie z prawem.\r\n\r\n<p><br><\/p>\r\n\r\nPo zako\u0144czeniu zlecenia przygotowujemy przejrzysty protok\u00f3\u0142 zawierajacych szczeg\u00f3\u0142owy opis przeprowadzonych czynnosci i dokonanych ustale\u0144, kt\u00f3ry mo\u017ce zosta\u0107 wykorzystany jako materia\u0142 dowodowy przed polskimi s\u0105dami. \r\n\t\t<\/div>\n\t<\/div>\n<\/div>\n<br><div class=\"kc-elm kc-css-799565 kc_row kc_row_inner\"><div class=\"kc-elm kc-css-809006 kc_col-sm-12 kc_column_inner kc_col-sm-12\"><div class=\"kc_wrapper kc-col-inner-container\"><\/div><\/div><\/div><\/div><\/div><\/div><\/div><\/section><section class=\"kc-elm kc-css-896296 kc_row\"><div class=\"kc-row-container\"><div class=\"kc-wrap-columns\"><div class=\"kc-elm kc-css-360823 kc_col-sm-12 kc_column kc_col-sm-12\"><div class=\"kc-col-container\"><div class=\"call-out\">\n    <div class=\"container\">\n        <div class=\"row\">\n            <div class=\"col-md-3 col-sm-12\">\n                <figure class=\"logo\">\n                    <a href=\"https:\/\/wantedpolska.pl\/en\/wycene\/\" target=\"\"><img decoding=\"async\" src=\"https:\/\/wantedpolska.pl\/wp-content\/uploads\/2022\/01\/logo_wanted_white.png\" alt=\"image\"><\/a>\n                <\/figure>\n            <\/div>\n            <div class=\"col-md-9 col-sm-12\">\n                <div class=\"float_left\">\n                    <h4>Providing Reliable and Trustworthy Information for Over 5 Years<\/h4>\n                <\/div>\n                <div class=\"float_right\">\n                    <a href=\"https:\/\/wantedpolska.pl\/en\/wycene\/\" target=\"\" class=\"thm-btn-tr\">REQUEST A QUOTE<\/a>\n                <\/div>\n            <\/div>\n        <\/div>\n                \n    <\/div>\n<\/div><\/div><\/div><\/div><\/div><\/section><\/p>","protected":false},"excerpt":{"rendered":"","protected":false},"author":1,"featured_media":0,"parent":0,"menu_order":0,"comment_status":"closed","ping_status":"closed","template":"tpl-king_composer.php","meta":{"footnotes":""},"class_list":["post-366","page","type-page","status-publish","hentry"],"_links":{"self":[{"href":"https:\/\/wantedpolska.pl\/en\/wp-json\/wp\/v2\/pages\/366","targetHints":{"allow":["GET"]}}],"collection":[{"href":"https:\/\/wantedpolska.pl\/en\/wp-json\/wp\/v2\/pages"}],"about":[{"href":"https:\/\/wantedpolska.pl\/en\/wp-json\/wp\/v2\/types\/page"}],"author":[{"embeddable":true,"href":"https:\/\/wantedpolska.pl\/en\/wp-json\/wp\/v2\/users\/1"}],"replies":[{"embeddable":true,"href":"https:\/\/wantedpolska.pl\/en\/wp-json\/wp\/v2\/comments?post=366"}],"version-history":[{"count":20,"href":"https:\/\/wantedpolska.pl\/en\/wp-json\/wp\/v2\/pages\/366\/revisions"}],"predecessor-version":[{"id":1412,"href":"https:\/\/wantedpolska.pl\/en\/wp-json\/wp\/v2\/pages\/366\/revisions\/1412"}],"wp:attachment":[{"href":"https:\/\/wantedpolska.pl\/en\/wp-json\/wp\/v2\/media?parent=366"}],"curies":[{"name":"wp","href":"https:\/\/api.w.org\/{rel}","templated":true}]}}