{"id":376,"date":"2017-03-10T13:50:27","date_gmt":"2017-03-10T13:50:27","guid":{"rendered":"http:\/\/wp1.themexlab.com\/newwp\/experts\/?page_id=376"},"modified":"2024-03-19T15:12:09","modified_gmt":"2024-03-19T15:12:09","slug":"kontakt","status":"publish","type":"page","link":"https:\/\/wantedpolska.pl\/en\/kontakt\/","title":{"rendered":"Contact"},"content":{"rendered":"<p><section class=\"kc-elm kc-css-415907 kc_row\"><div class=\"kc-row-container  kc-container\"><div class=\"kc-wrap-columns\"><div class=\"kc-elm kc-css-434647 kc_col-sm-12 kc_column kc_col-sm-12\"><div class=\"kc-col-container\"><section class=\"contact_details sec-padd2\">\n    <div class=\"container\">\n        <div class=\"tabs-outer\">\n            <!--Tabs Box-->\n            <div class=\"tabs-box tabs-style-one\">\n                <!--Tab Buttons-->\n                <ul class=\"tab-buttons clearfix\">\n                                    <\/ul>\n            \n                <!--Tabs Content-->\n                <div class=\"tabs-content\">\n                                        \n                                                           \n                <\/div>\n                \n            <\/div>\n        <\/div>\n\n        <div class=\"row\">\n             \t\t\t\t<div class=\"col-md-4 col-sm-6 col-xs-12\">\n\t\t\t\t\t<div class=\"item center\">\n\t\t\t\t\t\t<div class=\"icon_box\">\n\t\t\t\t\t\t\t<span class=\"fa-map-o\"><\/span>\n\t\t\t\t\t\t<\/div>\n\t\t\t\t\t\t<h4>Our office<\/h4>\n\t\t\t\t\t\t<div class=\"text\">\n\t\t\t\t\t\t\t<p>Wanted Polska Sp. z o.o\r\nul. Dworcowa 3\r\n34-300 \u017bywiec\r\nNIP:701-04-50-470\r\nREGON: 360173842\r\nKRS: 0000531264\r\nS\u0105d Rejonowy:\r\nS\u0105d Rejonowy w Bielsku-Bia\u0142ej\r\nVIII Wydzia\u0142 Gospodarczy KRS\r\n\r\n&nbsp;\r\n\r\n&nbsp;<\/p>\n\t\t\t\t\t\t<\/div>\n\t\t\t\t\t<\/div>\n\t\t\t\t<\/div>\n\t\t\t\t\t\t\t<div class=\"col-md-4 col-sm-6 col-xs-12\">\n\t\t\t\t\t<div class=\"item center\">\n\t\t\t\t\t\t<div class=\"icon_box\">\n\t\t\t\t\t\t\t<span class=\"et-clock\"><\/span>\n\t\t\t\t\t\t<\/div>\n\t\t\t\t\t\t<h4>Opening hours<\/h4>\n\t\t\t\t\t\t<div class=\"text\">\n\t\t\t\t\t\t\t<p>From 9:00 AM to 5:00 PM <\/br>\r\nMonday to Friday<\/br>\r\n\r\n<\/p>\n\t\t\t\t\t\t<\/div>\n\t\t\t\t\t<\/div>\n\t\t\t\t<\/div>\n\t\t\t\t\t\t\t<div class=\"col-md-4 col-sm-6 col-xs-12\">\n\t\t\t\t\t<div class=\"item center\">\n\t\t\t\t\t\t<div class=\"icon_box\">\n\t\t\t\t\t\t\t<span class=\"sl-phone\"><\/span>\n\t\t\t\t\t\t<\/div>\n\t\t\t\t\t\t<h4>Contact<\/h4>\n\t\t\t\t\t\t<div class=\"text\">\n\t\t\t\t\t\t\t<p><p>Tel.: 33 483 34 21<br \/>732 102 102<br \/>E-mail: biuro@wantedpolska.pl<br \/>Personal Data Inspector: Contact via traditional mail to the company's registered address or via email at: rodo@wantedpolska.pl<\/p>\r\n<\/p>\n\t\t\t\t\t\t<\/div>\n\t\t\t\t\t<\/div>\n\t\t\t\t<\/div>\n\t\t\t            \n        <\/div>\n\n    <\/div>\n<\/section><\/div><\/div><\/div><\/div><\/section><section class=\"kc-elm kc-css-603567 kc_row\"><div class=\"kc-row-container  kc-container\"><div class=\"kc-wrap-columns\"><div class=\"kc-elm kc-css-769084 kc_col-sm-12 kc_column kc_col-sm-12\"><div class=\"kc-col-container\"><div class=\"kc-elm kc-css-633326 kc_text_block\"><\/p>\n<p>[kc_contact_form7 _id=\"231253\" slug=\"feedback-form\" title=\"Skontaktuj si\u0119 z nami!\" css_hover_custom=\"{`kc-css`:{}},{`kc-css`:{}}\" css_custom=\"{`kc-css`:{`any`:{`label`:{`background|label`:`eyJjb2xvciI6InRyYW5zcGFyZW50IiwibGluZWFyR3JhZGllbnQiOlsiIl0sImltYWdlIjoibm9uZSIsInBvc2l0aW9uIjoiMCUgMCUiLCJzaXplIjoiYXV0byIsInJlcGVhdCI6InJlcGVhdCIsImF0dGFjaG1lbnQiOiJzY3JvbGwiLCJhZHZhbmNlZCI6MH0=`,`margin|label`:`50px 50px 50px 50px`,`padding|label`:`80px 80px 80px 80px`},`input`:{`background|.wpcf7-text`:`eyJjb2xvciI6InRyYW5zcGFyZW50IiwibGluZWFyR3JhZGllbnQiOlsiIl0sImltYWdlIjoibm9uZSIsInBvc2l0aW9uIjoiMCUgMCUiLCJzaXplIjoiYXV0byIsInJlcGVhdCI6Im5vLXJlcGVhdCIsImF0dGFjaG1lbnQiOiJzY3JvbGwiLCJhZHZhbmNlZCI6MX0=`,`margin|.wpcf7-text`:`0px 0px inherit inherit`},`radio-checkbox`:{`display|.wpcf7-radio .wpcf7-list-item-label, .wpcf7-checkbox .wpcf7-list-item-label`:`block`,`font-family|.wpcf7-radio .wpcf7-list-item-label, .wpcf7-checkbox .wpcf7-list-item-label`:`Open Sans`,`text-align|.wpcf7-radio .wpcf7-list-item-label, .wpcf7-checkbox .wpcf7-list-item-label`:`justify`,`margin|.wpcf7-radio .wpcf7-list-item-label, .wpcf7-checkbox .wpcf7-list-item-label`:`inherit inherit inherit 10px`},`submit`:{`color|.wpcf7-submit`:`#ececec`,`background|.wpcf7-submit`:`eyJjb2xvciI6IiM0OGM3ZWMiLCJsaW5lYXJHcmFkaWVudCI6WyIiXSwiaW1hZ2UiOiJub25lIiwicG9zaXRpb24iOiIwJSAwJSIsInNpemUiOiJhdXRvIiwicmVwZWF0IjoicmVwZWF0IiwiYXR0YWNobWVudCI6InNjcm9sbCIsImFkdmFuY2VkIjowfQ==`}}}}\"]<\/p>\n<p>\n<\/div><\/div><\/div><\/div><\/div><\/section><section class=\"kc-elm kc-css-581903 kc_row\"><div class=\"kc-row-container  kc-container\"><div class=\"kc-wrap-columns\"><div class=\"kc-elm kc-css-123382 kc_col-sm-12 kc_column kc_col-sm-12\"><div class=\"kc-col-container\"><div class=\"kc-elm kc-css-379477 kc_google_maps kc_shortcode\"><div style=\"height: 450px\" class=\"kc-google-maps\"><div class=\"map-container\">\r\n    <iframe src=\"https:\/\/www.google.com\/maps\/embed?pb=!1m18!1m12!1m3!1d2581.3784422721883!2d19.1922502!3d49.68484579999999!2m3!1f0!2f0!3f0!3m2!1i1024!2i768!4f13.1!3m3!1m2!1s0x47142625a42cae91%3A0xdc8f38ceb77a96ed!2sDworcowa%203%2C%2034-300%20%C5%BBywiec!5e0!3m2!1spl!2spl!4v1707410386949!5m2!1spl!2spl\" width=\"100%\" height=\"450\" style=\"border:0; margin-top: 50px; margin-bottom: 50px;\" allowfullscreen=\"\" loading=\"lazy\" referrerpolicy=\"no-referrer-when-downgrade\"><\/iframe>\r\n<\/div>\r\n<\/div>\r\n<\/div><\/div><\/div><\/div><\/div><\/div><\/section><section class=\"kc-elm kc-css-420235 kc_row\"><div class=\"kc-row-container  kc-container\"><div class=\"kc-wrap-columns\"><div class=\"kc-elm kc-css-729090 kc_col-sm-12 kc_column kc_col-sm-12\"><div class=\"kc-col-container\"><section class=\"contact_us sec-padd-bottom\">\n    <div class=\"container\">\n        <div class=\"row\">\n            <div class=\"col-md-6 col-sm-12 col-xs-12\">\n                <div class=\"section-title\">\n                    <h3>Skontaktuj si\u0119 z nami !<\/h3>\n                <\/div>\n                <div class=\"default-form-area\">\n                    \n\t\t\t\t\t<div id=\"contact-form\" class=\"default-form\">\n\t\t\t\t\t\t[contact-form-7 id=\"404\" title=\"Feedback Form\"]\t\t\t\t\t<\/div>\n\t\t\t\t\t\n                <\/div>\n            <\/div>\n            \n\t\t\t\t\t\t<div class=\"col-md-6 col-sm-8 col-xs-12\">\n                <div class=\"home-google-map\">\n                    <div \n                        class=\"google-map\" \n                        id=\"contact-google-map\" \n                        data-map-lat=\"49.68493598703982\" \n                        data-map-lng=\"19.192765189941618\" \n                        data-icon-path=\"https:\/\/wanted.videomill.co\/wp-content\/uploads\/2017\/03\/map-marker.png\"\n                        data-map-title=\"Double Phatak\"\n                        data-map-zoom=\"11\" >\n\n                    <\/div>\n\n                <\/div>\n            <\/div>\n        <\/div>\n    <\/div>\n<\/section><\/div><\/div><\/div><\/div><\/section><section class=\"kc-elm kc-css-16811 kc_row\"><div class=\"kc-row-container\"><div class=\"kc-wrap-columns\"><div class=\"kc-elm kc-css-515474 kc_col-sm-12 kc_column kc_col-sm-12\"><div class=\"kc-col-container\"><div class=\"call-out\">\n    <div class=\"container\">\n        <div class=\"row\">\n            <div class=\"col-md-3 col-sm-12\">\n                <figure class=\"logo\">\n                    <a href=\"https:\/\/wanted.videomill.co\/wycene\/\" target=\"\"><img decoding=\"async\" src=\"https:\/\/wanted.videomill.co\/wp-content\/uploads\/2022\/01\/logo_wanted_white.png\" alt=\"image\"><\/a>\n                <\/figure>\n            <\/div>\n            <div class=\"col-md-9 col-sm-12\">\n                <div class=\"float_left\">\n                    <h4>Providing Reliable and Trustworthy Information for Over 5 Years<\/h4>\n                <\/div>\n                <div class=\"float_right\">\n                    <a href=\"https:\/\/wanted.videomill.co\/wycene\/\" target=\"\" class=\"thm-btn-tr\">REQUEST A QUOTE<\/a>\n                <\/div>\n            <\/div>\n        <\/div>\n                \n    <\/div>\n<\/div><\/div><\/div><\/div><\/div><\/section><section class=\"kc-elm kc-css-900561 kc_row\"><div class=\"kc-row-container  kc-container\"><div class=\"kc-wrap-columns\"><div class=\"kc-elm kc-css-84911 kc_col-sm-12 kc_column kc_col-sm-12\"><div class=\"kc-col-container\"><section class=\"consultations sec-padd\" style=\"background-image: url();\">\n    <div class=\"container\">\n        <div class=\"row\">\n            <div class=\"col-md-4 col-sm-6 col-xs-12\">   \n                <div class=\"contact-info\">\n                    <div class=\"section-title\">\n                        <h3><\/h3>\n                    <\/div>\n                    <div class=\"text\">\n                        <p><\/p>\n                    <\/div>\n                    <div class=\"widget-content\">\n                        <ul class=\"list-info\">\n                            <li><span class=\"fa fa-phone\"><\/span>Telefon: <\/li>\n                            <li><span class=\"fa fa-envelope\"><\/span>E-mail: <\/li>\n                            <li><span class=\"fa fa-clock-o\"><\/span><\/li>\n                        <\/ul>\n                    <\/div>\n                <\/div>\n            <\/div>\n            <div class=\"col-md-8 col-sm-12 col-xs-12\">\n                <div class=\"section-title\">\n                    <h2><\/h2>\n                <\/div>\n                <div class=\"default-form-area\">\n                    <div id=\"contact_form\" class=\"default-form\">\n\t\t\t\t\t\t\t\t\t\t\t<\/div>\n\t\t\t\t\t\n                <\/div>\n            <\/div>\n        <\/div>\n    <\/div>\n<\/section><\/div><\/div><\/div><\/div><\/section><section class=\"kc-elm kc-css-427854 kc_row\"><div class=\"kc-row-container  kc-container\"><div class=\"kc-wrap-columns\"><div class=\"kc-elm kc-css-594260 kc_col-sm-12 kc_column kc_col-sm-12\"><div class=\"kc-col-container\"><div class=\"kc-elm kc-css-827169 kc-raw-code\"><!DOCTYPE html>\r\n<html lang=\"en\">\r\n<head>\r\n<meta charset=\"UTF-8\">\r\n<meta name=\"viewport\" content=\"width=device-width, initial-scale=1.0\">\r\n<title>Strona z boxami i map\u0105<\/title>\r\n<!-- Dodajemy linki do Bootstrapa -->\r\n<link rel=\"stylesheet\" href=\"https:\/\/maxcdn.bootstrapcdn.com\/bootstrap\/4.5.2\/css\/bootstrap.min.css\">\r\n<!-- Style dodatkowe dla dostosowania wygl\u0105du -->\r\n<style>\r\n    .contact_details {\r\n        background-color: #fff; \/* zmiana koloru t\u0142a na bia\u0142y *\/\r\n        padding: 20px;\r\n        margin-bottom: 20px;\r\n    }\r\n    .map-container {\r\n        background-color: #fff; \/* zmiana koloru t\u0142a na bia\u0142y *\/\r\n        margin-top: 20px; \/* dodanie marginesu g\u00f3rnego dla r\u00f3wno\u015bci z boxami *\/\r\n        margin-bottom: 20px;\r\n        height: 100%; \/* ustawienie wysoko\u015bci mapy na 100% *\/\r\n    }\r\n<\/style>\r\n<\/head>\r\n<body>\r\n\r\n<div class=\"container-fluid\"> <!-- zmiana na container-fluid -->\r\n    <div class=\"row\">\r\n        <!-- Bloki z boxami -->\r\n        <div class=\"col-md-6\">\r\n            <div class=\"contact_details sec-padd2\">\r\n                <div class=\"container\">\r\n                    <div class=\"tabs-outer\">\r\n                        <div class=\"tabs-box tabs-style-one\">\r\n                            <ul class=\"tab-buttons clearfix\"><\/ul>\r\n                            <div class=\"tabs-content\"><\/div>\r\n                        <\/div>\r\n                    <\/div>\r\n                    <div class=\"col-md-12\">\r\n                        <div class=\"item center\" style=\"display: flex; align-items: left;\">\r\n                            <div class=\"icon_box\" style=\"margin-right: 15px;\">\r\n                                <span class=\"sl-phone\" style=\"font-size: 16px;\"><\/span>\r\n                            <\/div>\r\n                            <div style=\"margin-right: auto;\">\r\n                                <h4 style=\"margin: 0;text-align: left;\">Contact<\/h4>\r\n                                <div class=\"text\" style=\"text-align: left;\">\r\n                                    <p><br>+48 33 483 34 21<br>\r\n                                      +48 732 102 102<br>\r\n                                      E-mail: biuro@wantedpolska.pl<\/p>\r\n                                <\/div>\r\n                            <\/div>\r\n                        <\/div>\r\n                    <\/div>\r\n                    <div class=\"col-md-12\">\r\n                        <div class=\"item center\" style=\"display: flex; align-items: left;\">\r\n                            <div class=\"icon_box\" style=\"margin-right: 15px;\">\r\n                                <span class=\"et-clock\" style=\"font-size: 16px;\"><\/span>\r\n                            <\/div>\r\n                            <div style=\"margin-right: auto;\">\r\n                                <h4 style=\"margin: 0;text-align: left;\">Opening hours<\/h4>\r\n                                <div class=\"text\" style=\"text-align: left;\">\r\n                                    <p><br>From 9:00 AM to 5:00 PM <br> Monday to Friday <\/p>\r\n                                <\/div>\r\n                            <\/div>\r\n                        <\/div>\r\n                    <\/div>\r\n                    <div class=\"col-md-12\">\r\n                        <div class=\"item center\" style=\"display: flex; align-items: left;\">\r\n                            <div class=\"icon_box\" style=\"margin-right: 15px;\">\r\n                                <span class=\"fa fa-map-o\" style=\"font-size: 16px;\"><\/span>\r\n                            <\/div>\r\n                            <div style=\"margin-right: auto;\">\r\n                                <h4 style=\"margin: 0;text-align: left;\">Our office<\/h4>\r\n                                <div class=\"text\" style=\"text-align: left;\">\r\n                                    <p><br>Wanted Polska Sp. z o.o ul. Dworcowa 3 34-300 \u017bywiec POLAND NIP: 701-04-50-470 REGON: 360173842 KRS: 0000531264 District Court: S\u0105d Rejonowy w Bielsku-Bia\u0142ej VIII Wydzia\u0142 Gospodarczy KRS<br>Personal Data Inspector: Contact via traditional mail to the company's registered address or via email at: rodo@wantedpolska.pl<\/p>\r\n                                <\/div>\r\n                            <\/div>\r\n                        <\/div>\r\n                    <\/div>\r\n                <\/div>\r\n            <\/div>\r\n        <\/div>\r\n\r\n        <!-- Mapa -->\r\n        <div class=\"col-md-6 mt-4\"> <!-- Dodanie klasy marginesu g\u00f3rnego dla mapy -->\r\n            <div class=\"map-container\">\r\n                <iframe src=\"https:\/\/www.google.com\/maps\/embed?pb=!1m18!1m12!1m3!1d2581.3784422721883!2d19.1922502!3d49.68484579999999!2m3!1f0!2f0!3f0!3m2!1i1024!2i768!4f13.1!3m3!1m2!1s0x47142625a42cae91%3A0xdc8f38ceb77a96ed!2sDworcowa%203%2C%2034-300%20%C5%BBywiec!5e0!3m2!1spl!2spl!4v1707410386949!5m2!1spl!2spl\" width=\"100%\" height=\"100%\" style=\"border:0;\" allowfullscreen=\"\" loading=\"lazy\" referrerpolicy=\"no-referrer-when-downgrade\"><\/iframe>\r\n            <\/div>\r\n        <\/div>\r\n    <\/div>\r\n<\/div>\r\n\r\n<!-- Skrypty Bootstrapa -->\r\n<script src=\"https:\/\/ajax.googleapis.com\/ajax\/libs\/jquery\/3.5.1\/jquery.min.js\"><\/script>\r\n<script src=\"https:\/\/cdnjs.cloudflare.com\/ajax\/libs\/popper.js\/1.16.0\/umd\/popper.min.js\"><\/script>\r\n<script src=\"https:\/\/maxcdn.bootstrapcdn.com\/bootstrap\/4.5.2\/js\/bootstrap.min.js\"><\/script>\r\n\r\n<\/body>\r\n<\/html>\r\n<\/div><div class=\"widget wpforms-widget kc-elm kc-css-297666\"><h2 class=\"widgettitle\">Contact Us!<\/h2><div class=\"wpforms-container wpforms-container-full wpforms-render-modern\" id=\"wpforms-1178\"><form id=\"wpforms-form-1178\" class=\"wpforms-validate wpforms-form wpforms-ajax-form\" data-formid=\"1178\" method=\"post\" enctype=\"multipart\/form-data\" action=\"\/en\/wp-json\/wp\/v2\/pages\/376\" data-token=\"401168b2f349d3bae1b063c16a20522d\" data-trp-original-action=\"\/en\/wp-json\/wp\/v2\/pages\/376\"><noscript class=\"wpforms-error-noscript\">Please enable JavaScript in your browser to complete this form.<\/noscript><div class=\"wpforms-hidden\" id=\"wpforms-error-noscript\">Please enable JavaScript in your browser to complete this form.<\/div><div class=\"wpforms-field-container\"><div id=\"wpforms-1178-field_1-container\" class=\"wpforms-field wpforms-field-name\" data-field-id=\"1\"><label class=\"wpforms-field-label\" for=\"wpforms-1178-field_1\">Name <span class=\"wpforms-required-label\" aria-hidden=\"true\">*<\/span><\/label><input type=\"text\" id=\"wpforms-1178-field_1\" class=\"wpforms-field-medium wpforms-field-required\" name=\"wpforms[fields][1]\" aria-errormessage=\"wpforms-1178-field_1-error\" required><\/div><div id=\"wpforms-1178-field_2-container\" class=\"wpforms-field wpforms-field-email\" data-field-id=\"2\"><label class=\"wpforms-field-label\" for=\"wpforms-1178-field_2\">E-mail <span class=\"wpforms-required-label\" aria-hidden=\"true\">*<\/span><\/label><input type=\"email\" id=\"wpforms-1178-field_2\" class=\"wpforms-field-medium wpforms-field-required\" name=\"wpforms[fields][2]\" spellcheck=\"false\" aria-errormessage=\"wpforms-1178-field_2-error\" required><\/div><div id=\"wpforms-1178-field_7-container\" class=\"wpforms-field wpforms-field-number\" data-field-id=\"7\"><label class=\"wpforms-field-label\" for=\"wpforms-1178-field_7\">Phone number<\/label><input type=\"number\" pattern=\"\\d*\" id=\"wpforms-1178-field_7\" class=\"wpforms-field-medium\" name=\"wpforms[fields][7]\" aria-errormessage=\"wpforms-1178-field_7-error\" ><\/div><div id=\"wpforms-1178-field_4-container\" class=\"wpforms-field wpforms-field-textarea\" data-field-id=\"4\"><label class=\"wpforms-field-label\" for=\"wpforms-1178-field_4\">Message <span class=\"wpforms-required-label\" aria-hidden=\"true\">*<\/span><\/label><textarea id=\"wpforms-1178-field_4\" class=\"wpforms-field-medium wpforms-field-required\" name=\"wpforms[fields][4]\" aria-errormessage=\"wpforms-1178-field_4-error\" required><\/textarea><\/div><div id=\"wpforms-1178-field_5-container\" class=\"wpforms-field wpforms-field-checkbox\" data-field-id=\"5\"><fieldset><legend class=\"wpforms-field-label\">Required consents <span class=\"wpforms-required-label\" aria-hidden=\"true\">*<\/span><\/legend><ul id=\"wpforms-1178-field_5\" class=\"wpforms-field-required\"><li class=\"choice-2 depth-1\"><input type=\"checkbox\" id=\"wpforms-1178-field_5_2\" name=\"wpforms[fields][5][]\" value=\"O\u015bwiadczam, \u017ce zapozna\u0142am\/zapozna\u0142em si\u0119 z informacj\u0105 o przetwarzaniu moich danych osobowych.\" aria-errormessage=\"wpforms-1178-field_5_2-error\" aria-describedby=\"wpforms-1178-field_5-description\" required><label class=\"wpforms-field-label-inline\" for=\"wpforms-1178-field_5_2\">I confirm that I have read and understood the information regarding the processing of my personal data.<\/label><\/li><\/ul><div id=\"wpforms-1178-field_5-description\" class=\"wpforms-field-description\">The data controller of your personal data provided in the contact form is Wanted Polska Sp. z o.o. \u017bywiec Dworcowa 3 (34-300), Poland. Your personal data will be processed for the purpose of responding to the message via the contact form, which constitutes the fulfillment of the legitimate interests pursued by the controller (based on Article 6(1)(f) of the Regulation (EU) 2016\/679 of the European Parliament and of the Council of 27 April 2016 on the protection of natural persons with regard to the processing of personal data and on the free movement of such data, and repealing Directive 95\/46\/EC (General Data Protection Regulation)). Providing personal data is voluntary but necessary to achieve the aforementioned purpose.<\/div><\/fieldset><\/div><\/div><!-- .wpforms-field-container --><div class=\"wpforms-recaptcha-container wpforms-is-hcaptcha\" ><div class=\"g-recaptcha\" data-sitekey=\"57e291c0-8043-4966-b9c6-eb3b42e0d72f\"><\/div><input type=\"text\" name=\"g-recaptcha-hidden\" class=\"wpforms-recaptcha-hidden\" style=\"position:absolute!important;clip:rect(0,0,0,0)!important;height:1px!important;width:1px!important;border:0!important;overflow:hidden!important;padding:0!important;margin:0!important;\" data-rule-hcaptcha=\"1\"><\/div><div class=\"wpforms-submit-container\" ><input type=\"hidden\" name=\"wpforms[id]\" value=\"1178\"><input type=\"hidden\" name=\"wpforms[author]\" value=\"1\"><button type=\"submit\" name=\"wpforms[submit]\" id=\"wpforms-submit-1178\" class=\"wpforms-submit\" data-alt-text=\"Wysy\u0142anie...\" data-submit-text=\"Wy\u015blij\" aria-live=\"assertive\" value=\"wpforms-submit\">Send<\/button><img loading=\"lazy\" decoding=\"async\" src=\"https:\/\/wantedpolska.pl\/wp-content\/plugins\/wpforms-lite\/assets\/images\/submit-spin.svg\" class=\"wpforms-submit-spinner\" style=\"display: none;\" width=\"26\" height=\"26\" alt=\"Loading\"><\/div><input type=\"hidden\" name=\"trp-form-language\" value=\"en\"\/><\/form><\/div>  <!-- .wpforms-container --><\/div><\/div><\/div><\/div><\/div><\/section><\/p>","protected":false},"excerpt":{"rendered":"","protected":false},"author":1,"featured_media":0,"parent":0,"menu_order":0,"comment_status":"closed","ping_status":"closed","template":"tpl-king_composer.php","meta":{"footnotes":""},"class_list":["post-376","page","type-page","status-publish","hentry"],"_links":{"self":[{"href":"https:\/\/wantedpolska.pl\/en\/wp-json\/wp\/v2\/pages\/376","targetHints":{"allow":["GET"]}}],"collection":[{"href":"https:\/\/wantedpolska.pl\/en\/wp-json\/wp\/v2\/pages"}],"about":[{"href":"https:\/\/wantedpolska.pl\/en\/wp-json\/wp\/v2\/types\/page"}],"author":[{"embeddable":true,"href":"https:\/\/wantedpolska.pl\/en\/wp-json\/wp\/v2\/users\/1"}],"replies":[{"embeddable":true,"href":"https:\/\/wantedpolska.pl\/en\/wp-json\/wp\/v2\/comments?post=376"}],"version-history":[{"count":21,"href":"https:\/\/wantedpolska.pl\/en\/wp-json\/wp\/v2\/pages\/376\/revisions"}],"predecessor-version":[{"id":1145,"href":"https:\/\/wantedpolska.pl\/en\/wp-json\/wp\/v2\/pages\/376\/revisions\/1145"}],"wp:attachment":[{"href":"https:\/\/wantedpolska.pl\/en\/wp-json\/wp\/v2\/media?parent=376"}],"curies":[{"name":"wp","href":"https:\/\/api.w.org\/{rel}","templated":true}]}}