{"id":57,"date":"2021-12-28T12:22:19","date_gmt":"2021-12-28T12:22:19","guid":{"rendered":"http:\/\/wp1.themexlab.com\/newwp\/experts\/?page_id=57"},"modified":"2026-01-12T10:37:02","modified_gmt":"2026-01-12T10:37:02","slug":"o-nas","status":"publish","type":"page","link":"https:\/\/wantedpolska.pl\/en\/o-nas\/","title":{"rendered":"About"},"content":{"rendered":"<p><section class=\"kc-elm kc-css-273200 kc_row\"><div class=\"kc-row-container  kc-container\"><div class=\"kc-wrap-columns\"><div class=\"kc-elm kc-css-189421 kc_col-sm-12 kc_column kc_col-sm-12\"><div class=\"kc-col-container\"><section class=\"default-section sec-padd\">\n    <div class=\"container\">\n        <div class=\"row\">\n            <div class=\"col-md-6 col-sm-12 col-xs-12\">\n                <div class=\"text-content\">\n                    <h4>We deliver credible and reliable information to protect the interests of our clients and enable them to make informed decisions.\r\n<p><span data-mce-type=\"bookmark\" style=\"width: 0px;overflow: hidden;line-height: 0\" class=\"mce_SELRES_start\"><\/span><\/p>\r\n<span data-mce-type=\"bookmark\" style=\"width: 0px;overflow: hidden;line-height: 0\" class=\"mce_SELRES_start\"><\/span><\/h4>\n                    <div class=\"text\">\n                        <p>With years of experience and expert knowledge, we provide specialized detective services to entities across various sectors of the economy as well as private individuals.\r\n<p><br><\/p>\r\n\r\nOur services are tailored for:<\/p>\n                    <\/div>\n                    <ul class=\"default-list\">\n                        \n\t\t\t\t\t\t\t\t\t\t\t\t\t<li><i class=\"fa fa-check-square-o\"><\/i>banks<\/li>\n\t\t\t\t\t\t\t\t\t\t\t\t\t<li><i class=\"fa fa-check-square-o\"><\/i>debt management firms<\/li>\n\t\t\t\t\t\t\t\t\t\t\t\t\t<li><i class=\"fa fa-check-square-o\"><\/i>law firms<\/li>\n\t\t\t\t\t\t\t\t\t\t\t\t\t<li><i class=\"fa fa-check-square-o\"><\/i>investment funds<\/li>\n\t\t\t\t\t\t\t\t\t\t\t\t\t<li><i class=\"fa fa-check-square-o\"><\/i>insurance companies<\/li>\n\t\t\t\t\t\t\t\t\t\t\t\t\t<li><i class=\"fa fa-check-square-o\"><\/i>real estate developers<\/li>\n\t\t\t\t\t\t\t\t\t\t\t\t\t<li><i class=\"fa fa-check-square-o\"><\/i>leasing companies<\/li>\n\t\t\t\t\t\t\t\t\t\t\t\t\t<li><i class=\"fa fa-check-square-o\"><\/i>private individuals<\/li>\n\t\t\t\t\t\t                        \n                    <\/ul>\n                    <div class=\"text\">\n                        <p><p class=\"text-custom\">In our operations, we always adhere to applicable laws and professional ethics. We customize our services to meet the unique needs of our clients. No two assignments are the same for us. <\/p><\/p>\n                    <\/div>\n                <\/div>\n            <\/div>\n            <div class=\"col-md-6 col-sm-12 col-xs-12\">\n                <figure class=\"img-box\">\n                    \t\t\t\t\t<a href=\"#\" target=\"_blank\"><img decoding=\"async\" src=\"https:\/\/wantedpolska.pl\/wp-content\/uploads\/2023\/11\/Nasz-zespol-1024x651.jpg\" alt=\"image\"><\/a>\n                <\/figure>\n            <\/div>\n        <\/div>\n    <\/div>\n<\/section><div class=\"kc-elm kc-css-4631 kc-raw-code\">    <h3 style=\"box-sizing: border-box; line-height: 1.1; color: inherit; margin: 0px; font-size: 22px; padding: 0px; word-spacing: 4px; text-align: left;\">\r\n        Visit compendium!\r\n    <\/h3>\r\n<p><br><\/p><\/a>\r\n<\/div>\n<div class=\"kc-elm kc-css-730376 kc-pro-button kc-button-main\">\n\t<a href=\"https:\/\/wantedpolska.pl\/en\/baza-wiedzy\/\" title=\"Compendium\">\n\t\t<span class=\"creative_title\">Compendium<\/span>\t<\/a>\n<\/div>\n<\/div><\/div><\/div><\/div><\/section><section class=\"kc-elm kc-css-475691 kc_row\"><div class=\"kc-row-container\"><div class=\"kc-wrap-columns\"><div class=\"kc-elm kc-css-905402 kc_col-sm-12 kc_column kc_col-sm-12\"><div class=\"kc-col-container\"><section class=\"parallax center\" style=\"background-image: url(https:\/\/wanted.videomill.co\/wp-content\/uploads\/2017\/03\/1-2.jpg);\">\n    <div class=\"container\">\n        <h1>We protect and help grow business<\/h1>\n        <div class=\"text\">\n            <p><p>Wanted Polska provides services based on the entry in the Ministry of Interior and Administration Registry for regulated activities in the field of detective services under number RD\/75\/2017.<\/p>\r\n <\/p>\n        <\/div>\n        \t\t<div class=\"link\"><a href=\"https:\/\/wantedpolska.pl\/en\/poszukiwanie_kontaktu\/\" target=\"\" class=\"thm-btn\">BUSINESS OFFER<\/a><\/div>\n    <\/div>\n<\/section><\/div><\/div><\/div><\/div><\/section><section class=\"kc-elm kc-css-915538 kc_row\"><div class=\"kc-row-container\"><div class=\"kc-wrap-columns\"><div class=\"kc-elm kc-css-240077 kc_col-sm-12 kc_column kc_col-sm-12\"><div class=\"kc-col-container\">\n  \n\n<section class=\"service-style3 sec-padd2\">\n    <div class=\"container\">\n        <div class=\"section-title\">\n            <h2>Why choose WANTED POLSKA<\/h2>\n        <\/div>\n        <div class=\"service_carousel\">\n            \n\t\t\t\t\t\t\t<div class=\"item\">\n\t\n\t\t\t\t\t<div class=\"bottom-content\">\n\t\n\t\t\t\t\t\t<div class=\"icon_box\">\n\t\t\t\t\t\t\t<span class=\"\"><\/span>\n\t\t\t\t\t\t<\/div>\n\t\t\t\t\t\t<a href=\"\"><h4>Individual approach<\/h4><\/a>\n\t\t\t\t\t\t\t\t\t\t\t\t<p class=\"title\">Why choose WANTED POLSKA<\/p>    \n\t\t\t\t\t<\/div>\n\t\t\t\t\t<div class=\"overlay-box\">\n\t\t\t\t\t\t<div class=\"inner-box\">\n\t\t\t\t\t\t\t<div class=\"icon_box\">\n\t\t\t\t\t\t\t<span class=\"\"><\/span>\n\t\t\t\t\t\t\t<\/div>\n\t\t\t\t\t\t\t<a href=\"\"><h4>Individual approach<\/h4><\/a>\n\t\t\t\t\t\t\t<p class=\"title\">Why choose WANTED POLSKA<\/p> \n\t\t\t\t\t\t\t<div class=\"text\">\n\t\t\t\t\t\t\t\t<p>We always tailor our services to the needs\nof our clients. There are no two identical orders for us.<\/p>\n\t\t\t\t\t\t\t<\/div>\n\t\t\t\t\t\t<\/div>\n\t\t\t\t\t\t\t\n\t\t\t\t\t<\/div>  \n\t\t\t\t\t\n\t\t\t\t<\/div>\n\t\t\t\t\t\t\t<div class=\"item\">\n\t\n\t\t\t\t\t<div class=\"bottom-content\">\n\t\n\t\t\t\t\t\t<div class=\"icon_box\">\n\t\t\t\t\t\t\t<span class=\"\"><\/span>\n\t\t\t\t\t\t<\/div>\n\t\t\t\t\t\t<a href=\"\"><h4>Najnowsze technologie<\/h4><\/a>\n\t\t\t\t\t\t\t\t\t\t\t\t<p class=\"title\">Why choose WANTED POLSKA<\/p>    \n\t\t\t\t\t<\/div>\n\t\t\t\t\t<div class=\"overlay-box\">\n\t\t\t\t\t\t<div class=\"inner-box\">\n\t\t\t\t\t\t\t<div class=\"icon_box\">\n\t\t\t\t\t\t\t<span class=\"\"><\/span>\n\t\t\t\t\t\t\t<\/div>\n\t\t\t\t\t\t\t<a href=\"\"><h4>Najnowsze technologie<\/h4><\/a>\n\t\t\t\t\t\t\t<p class=\"title\">Why choose WANTED POLSKA<\/p> \n\t\t\t\t\t\t\t<div class=\"text\">\n\t\t\t\t\t\t\t\t<p>K\u0142adziemy nacisk na rozw\u00f3j specjalistycznych rozwi\u0105za\u0144 IT.<\/p>\n\t\t\t\t\t\t\t<\/div>\n\t\t\t\t\t\t<\/div>\n\t\t\t\t\t\t\t\n\t\t\t\t\t<\/div>  \n\t\t\t\t\t\n\t\t\t\t<\/div>\n\t\t\t\t\t\t\t<div class=\"item\">\n\t\n\t\t\t\t\t<div class=\"bottom-content\">\n\t\n\t\t\t\t\t\t<div class=\"icon_box\">\n\t\t\t\t\t\t\t<span class=\"\"><\/span>\n\t\t\t\t\t\t<\/div>\n\t\t\t\t\t\t<a href=\"\"><h4>Professionalism and reliability<\/h4><\/a>\n\t\t\t\t\t\t\t\t\t\t\t\t<p class=\"title\">Why choose WANTED POLSKA<\/p>    \n\t\t\t\t\t<\/div>\n\t\t\t\t\t<div class=\"overlay-box\">\n\t\t\t\t\t\t<div class=\"inner-box\">\n\t\t\t\t\t\t\t<div class=\"icon_box\">\n\t\t\t\t\t\t\t<span class=\"\"><\/span>\n\t\t\t\t\t\t\t<\/div>\n\t\t\t\t\t\t\t<a href=\"\"><h4>Professionalism and reliability<\/h4><\/a>\n\t\t\t\t\t\t\t<p class=\"title\">Why choose WANTED POLSKA<\/p> \n\t\t\t\t\t\t\t<div class=\"text\">\n\t\t\t\t\t\t\t\t<p>With the utmost care and reliability,\nwe provide our clients with credible\ninformation, enabling them to make accurate decisions in both\nbusiness and personal spheres.<\/p>\n\t\t\t\t\t\t\t<\/div>\n\t\t\t\t\t\t<\/div>\n\t\t\t\t\t\t\t\n\t\t\t\t\t<\/div>  \n\t\t\t\t\t\n\t\t\t\t<\/div>\n\t\t\t\t\t\t\t<div class=\"item\">\n\t\n\t\t\t\t\t<div class=\"bottom-content\">\n\t\n\t\t\t\t\t\t<div class=\"icon_box\">\n\t\t\t\t\t\t\t<span class=\"\"><\/span>\n\t\t\t\t\t\t<\/div>\n\t\t\t\t\t\t<a href=\"\"><h4>Etyka i odpowiedzialno\u015b\u0107<\/h4><\/a>\n\t\t\t\t\t\t\t\t\t\t\t\t<p class=\"title\">Why choose WANTED POLSKA<\/p>    \n\t\t\t\t\t<\/div>\n\t\t\t\t\t<div class=\"overlay-box\">\n\t\t\t\t\t\t<div class=\"inner-box\">\n\t\t\t\t\t\t\t<div class=\"icon_box\">\n\t\t\t\t\t\t\t<span class=\"\"><\/span>\n\t\t\t\t\t\t\t<\/div>\n\t\t\t\t\t\t\t<a href=\"\"><h4>Etyka i odpowiedzialno\u015b\u0107<\/h4><\/a>\n\t\t\t\t\t\t\t<p class=\"title\">Why choose WANTED POLSKA<\/p> \n\t\t\t\t\t\t\t<div class=\"text\">\n\t\t\t\t\t\t\t\t<p>In our activities, we always operate in accordance\nwith the applicable law and professional ethics.<\/p>\n\t\t\t\t\t\t\t<\/div>\n\t\t\t\t\t\t<\/div>\n\t\t\t\t\t\t\t\n\t\t\t\t\t<\/div>  \n\t\t\t\t\t\n\t\t\t\t<\/div>\n\t\t\t            \n        <\/div>\n\n    <\/div>\n<\/section>\n\n\n<\/div><\/div><\/div><\/div><\/section><section class=\"kc-elm kc-css-691301 kc_row\"><div class=\"kc-row-container\"><div class=\"kc-wrap-columns\"><div class=\"kc-elm kc-css-826244 kc_col-sm-12 kc_column kc_col-sm-12\"><div class=\"kc-col-container\"><section class=\"subscribe center sec-padd\" style=\"background-image: url(https:\/\/wanted.videomill.co\/wp-content\/uploads\/2017\/03\/2-2.jpg);\">\n    <div class=\"container\">\n        <div class=\"row\">\n            <div class=\"col-md-8 col-md-offset-2 col-sm-12 col-xs-12\">\n                <h2>Do\u0142\u0105cz do naszego newslettera<\/h2>\n                <p>Zarejestruj si\u0119 ju\u017c dzi\u015b, aby otrzymywa\u0107 porady, wskaz\u00f3wki i najnowsze informacje o us\u0142ugach.<\/p>\n                <form class=\"subscribe-form\" method=\"post\" action=\"http:\/\/feedburner.google.com\/fb\/a\/mailverify\" accept-charset=\"utf-8\" data-trp-original-action=\"http:\/\/feedburner.google.com\/fb\/a\/mailverify\">\n                    <input type=\"hidden\" id=\"uri\" name=\"uri\" value=\"themeforest\">\n\t\t\t\t\t<input type=\"hidden\" value=\"en_US\" name=\"loc\">\n\t\t\t\t\t<input type=\"email\" placeholder=\"Podaj sw\u00f3j adres e-mail\"><span class=\"fa fa-envelope\"><\/span>\n                    <button type=\"submit\" class=\"thm-btn\">ZAPISZ MNIE<\/button>\n\t\t\t\t\t<div class=\"newsletter-checkbox\" style=\"display: flex;    margin-top: 10px;\">\n\t\t\t\t\t  <input type=\"checkbox\" id=\"scales\" name=\"scales\">\n\t\t\t\t\t  <label for=\"scales\" style=\"color: white; font-size: 8px; text-align: justify;\">\t\t\t\t\t\t  \n\t\t\t\t\t\t  Zgadzam si\u0119 na przetwarzanie moich danych osobowych przez Wanted Polska Sp. z o.o. z siedzib\u0105 w \u017bywcu (34-300) ul. Dworcowa 3 w celu realizacji us\u0142ugi newsletter, a tym samym wysy\u0142ania informacji o us\u0142ugach lub nowo\u015bciach zgodnie z Polityk\u0105 Prywatno\u015bci \n\t\t\t\t\t\t  <a href=\"https:\/\/wanted.videomill.co\/wp-content\/uploads\/2022\/01\/Polityka-prywatnosci-i-plikow-cookies.pdf\">POLITYKI PRYWATNO\u015aCI<\/a>. Wiem, \u017ce zgod\u0119 t\u0119 mog\u0119 w ka\u017cdej chwili cofn\u0105\u0107.\n\t\t\t\t\t\t  \n\n\t\t\t\t\t\t<\/label>\n\t\t\t\t\t<\/div>\n                <input type=\"hidden\" name=\"trp-form-language\" value=\"en\"\/><\/form>\n            <\/div>\n        <\/div>\n                \n    <\/div>\n<\/section><\/div><\/div><\/div><\/div><\/section><section class=\"kc-elm kc-css-351615 kc_row\"><div class=\"kc-row-container\"><div class=\"kc-wrap-columns\"><div class=\"kc-elm kc-css-80994 kc_col-sm-12 kc_column kc_col-sm-12\"><div class=\"kc-col-container\"><div class=\"call-out\">\n    <div class=\"container\">\n        <div class=\"row\">\n            <div class=\"col-md-3 col-sm-12\">\n                <figure class=\"logo\">\n                    <a href=\"https:\/\/wantedpolska.pl\/en\/wycene\/\" target=\"\"><img decoding=\"async\" src=\"https:\/\/wantedpolska.pl\/wp-content\/uploads\/2022\/01\/logo_wanted_white.png\" alt=\"image\"><\/a>\n                <\/figure>\n            <\/div>\n            <div class=\"col-md-9 col-sm-12\">\n                <div class=\"float_left\">\n                    <h4>Providing Reliable and Trustworthy Information for Over 5 Years<\/h4>\n                <\/div>\n                <div class=\"float_right\">\n                    <a href=\"https:\/\/wantedpolska.pl\/en\/wycene\/\" target=\"\" class=\"thm-btn-tr\">REQUEST A QUOTE<\/a>\n                <\/div>\n            <\/div>\n        <\/div>\n                \n    <\/div>\n<\/div><\/div><\/div><\/div><\/div><\/section><\/p>","protected":false},"excerpt":{"rendered":"","protected":false},"author":1,"featured_media":0,"parent":0,"menu_order":0,"comment_status":"closed","ping_status":"closed","template":"tpl-king_composer.php","meta":{"footnotes":""},"class_list":["post-57","page","type-page","status-publish","hentry"],"_links":{"self":[{"href":"https:\/\/wantedpolska.pl\/en\/wp-json\/wp\/v2\/pages\/57","targetHints":{"allow":["GET"]}}],"collection":[{"href":"https:\/\/wantedpolska.pl\/en\/wp-json\/wp\/v2\/pages"}],"about":[{"href":"https:\/\/wantedpolska.pl\/en\/wp-json\/wp\/v2\/types\/page"}],"author":[{"embeddable":true,"href":"https:\/\/wantedpolska.pl\/en\/wp-json\/wp\/v2\/users\/1"}],"replies":[{"embeddable":true,"href":"https:\/\/wantedpolska.pl\/en\/wp-json\/wp\/v2\/comments?post=57"}],"version-history":[{"count":42,"href":"https:\/\/wantedpolska.pl\/en\/wp-json\/wp\/v2\/pages\/57\/revisions"}],"predecessor-version":[{"id":1404,"href":"https:\/\/wantedpolska.pl\/en\/wp-json\/wp\/v2\/pages\/57\/revisions\/1404"}],"wp:attachment":[{"href":"https:\/\/wantedpolska.pl\/en\/wp-json\/wp\/v2\/media?parent=57"}],"curies":[{"name":"wp","href":"https:\/\/api.w.org\/{rel}","templated":true}]}}