{"id":920,"date":"2022-01-20T11:01:25","date_gmt":"2022-01-20T11:01:25","guid":{"rendered":"https:\/\/wantedpolska.pl\/?page_id=920"},"modified":"2022-01-20T11:06:49","modified_gmt":"2022-01-20T11:06:49","slug":"wycene","status":"publish","type":"page","link":"https:\/\/wantedpolska.pl\/en\/wycene\/","title":{"rendered":"Request a quote"},"content":{"rendered":"<p><section class=\"kc-elm kc_row\"><div class=\"kc-row-container  kc-container\"><div class=\"kc-wrap-columns\"><div class=\"kc-elm kc-css-844658 kc_col-sm-12 kc_column kc_col-sm-12\"><div class=\"kc-col-container\"><div class=\"widget wpforms-widget kc-elm kc-css-601628\"><div class=\"wpforms-container wpforms-container-full wpforms-render-modern\" id=\"wpforms-1190\"><form id=\"wpforms-form-1190\" class=\"wpforms-validate wpforms-form wpforms-ajax-form\" data-formid=\"1190\" method=\"post\" enctype=\"multipart\/form-data\" action=\"\/en\/wp-json\/wp\/v2\/pages\/920\" data-token=\"9afaeb422fd946d88f37939d1e246bae\" data-trp-original-action=\"\/en\/wp-json\/wp\/v2\/pages\/920\"><noscript class=\"wpforms-error-noscript\">Please enable JavaScript in your browser to complete this form.<\/noscript><div class=\"wpforms-hidden\" id=\"wpforms-error-noscript\">Please enable JavaScript in your browser to complete this form.<\/div><div class=\"wpforms-field-container\"><div id=\"wpforms-1190-field_1-container\" class=\"wpforms-field wpforms-field-name\" data-field-id=\"1\"><label class=\"wpforms-field-label\" for=\"wpforms-1190-field_1\">Name\/Company Name <span class=\"wpforms-required-label\" aria-hidden=\"true\">*<\/span><\/label><input type=\"text\" id=\"wpforms-1190-field_1\" class=\"wpforms-field-medium wpforms-field-required\" name=\"wpforms[fields][1]\" aria-errormessage=\"wpforms-1190-field_1-error\" required><\/div><div id=\"wpforms-1190-field_8-container\" class=\"wpforms-field wpforms-field-email\" data-field-id=\"8\"><label class=\"wpforms-field-label\" for=\"wpforms-1190-field_8\">E-mail <span class=\"wpforms-required-label\" aria-hidden=\"true\">*<\/span><\/label><input type=\"email\" id=\"wpforms-1190-field_8\" class=\"wpforms-field-medium wpforms-field-required\" name=\"wpforms[fields][8]\" spellcheck=\"false\" aria-errormessage=\"wpforms-1190-field_8-error\" required><\/div><div id=\"wpforms-1190-field_6-container\" class=\"wpforms-field wpforms-field-select wpforms-field-select-style-classic\" data-field-id=\"6\"><label class=\"wpforms-field-label\" for=\"wpforms-1190-field_6\">Assignment <span class=\"wpforms-required-label\" aria-hidden=\"true\">*<\/span><\/label><select id=\"wpforms-1190-field_6\" class=\"wpforms-field-medium wpforms-field-required\" name=\"wpforms[fields][6]\" required=\"required\"><option value=\"Poszukiwanie kontaktu\" >Contact seeking<\/option><option value=\"Weryfikacja kontrahenta\" >Contractor Verification<\/option><option value=\"Sprawdzenie d\u0142u\u017cnika\" >Debtor Check<\/option><option value=\"Ochrona biznesu i marki\" >Business and Brand Protection<\/option><option value=\"Bezpiecze\u0144stwo informacji\" >Bezpiecze\u0144stwo informacji<\/option><option value=\"Audyt nieruchomo\u015bci\" >Real Estate Audit<\/option><option value=\"Audyt nieruchomo\u015bci (oferta dla os\u00f3b prywatnych)\" >Audyt nieruchomo\u015bci (oferta dla os\u00f3b prywatnych)<\/option><option value=\"Ustalenia maj\u0105tkowe (oferta dla os\u00f3b prywatnych)\" >Ustalenia maj\u0105tkowe (oferta dla os\u00f3b prywatnych)<\/option><option value=\"Sprawy spadkowe (oferta dla os\u00f3b prywatnych)\" >Sprawy spadkowe (oferta dla os\u00f3b prywatnych)<\/option><option value=\"Inne\" >Inne<\/option><\/select><div id=\"wpforms-1190-field_6-description\" class=\"wpforms-field-description\">Wybierz rodzaj zlecenia do wyceny<\/div><\/div><div id=\"wpforms-1190-field_9-container\" class=\"wpforms-field wpforms-field-number\" data-field-id=\"9\"><label class=\"wpforms-field-label\" for=\"wpforms-1190-field_9\">Phone<\/label><input type=\"number\" pattern=\"\\d*\" id=\"wpforms-1190-field_9\" class=\"wpforms-field-medium\" name=\"wpforms[fields][9]\" aria-errormessage=\"wpforms-1190-field_9-error\" ><\/div><div id=\"wpforms-1190-field_7-container\" class=\"wpforms-field wpforms-field-textarea\" data-field-id=\"7\"><label class=\"wpforms-field-label\" for=\"wpforms-1190-field_7\">Message <span class=\"wpforms-required-label\" aria-hidden=\"true\">*<\/span><\/label><textarea id=\"wpforms-1190-field_7\" class=\"wpforms-field-medium wpforms-field-required\" name=\"wpforms[fields][7]\" aria-errormessage=\"wpforms-1190-field_7-error\" required><\/textarea><\/div><div id=\"wpforms-1190-field_10-container\" class=\"wpforms-field wpforms-field-checkbox\" data-field-id=\"10\"><fieldset><legend class=\"wpforms-field-label\">Required consents <span class=\"wpforms-required-label\" aria-hidden=\"true\">*<\/span><\/legend><ul id=\"wpforms-1190-field_10\" class=\"wpforms-field-required\"><li class=\"choice-1 depth-1\"><input type=\"checkbox\" id=\"wpforms-1190-field_10_1\" name=\"wpforms[fields][10][]\" value=\"Administratorem Pani\/Pana danych osobowych podanych w formularzu kontaktowym jest Wanted Polska Sp. z o.o. z siedzib\u0105 w \u017bywcu (34-300) ul. Dworcowa 3. Pani\/Pana dane osobowe przetwarzane b\u0119d\u0105 w celu udzielenia odpowiedzi na wiadomo\u015b\u0107 za pomoc\u0105 formularza kontaktowego, co stanowi realizacj\u0119 prawnie uzasadnionego interesa administratora (podstawa art. 6 ust.1 lit. f) Rozporz\u0105dzenia Parlamentu Europejskiego i Rady (UE) z dnia 27 kwietnia 2016 r. w sprawie ochrony os\u00f3b fizycznych w zwi\u0105zku z przetwarzaniem danych osobowych i w sprawie swobodnego przep\u0142ywu takich danych oraz uchylenia dyrektywy 95\/46\/WE (og\u00f3lne rozporzadzenie o ochronie danych). Podanie danych osobowych jest dobrowolne, niezb\u0119dne do realizacji w\/w celu.\" aria-errormessage=\"wpforms-1190-field_10_1-error\" required><label class=\"wpforms-field-label-inline\" for=\"wpforms-1190-field_10_1\">The data controller of your personal data provided in the contact form is Wanted Polska Sp. z o.o. \u017bywiec Dworcowa 3 (34-300), Poland. Your personal data will be processed for the purpose of responding to the message via the contact form, which constitutes the fulfillment of the legitimate interests pursued by the controller (based on Article 6(1)(f) of the Regulation (EU) 2016\/679 of the European Parliament and of the Council of 27 April 2016 on the protection of natural persons with regard to the processing of personal data and on the free movement of such data, and repealing Directive 95\/46\/EC (General Data Protection Regulation)). Providing personal data is voluntary but necessary to achieve the aforementioned purpose.<\/label><\/li><li class=\"choice-2 depth-1\"><input type=\"checkbox\" id=\"wpforms-1190-field_10_2\" name=\"wpforms[fields][10][]\" value=\"O\u015bwiadczam, \u017ce zapozna\u0142am\/zapozna\u0142em si\u0119 z informacj\u0105 o przetwarzaniu moich danych osobowych.\" aria-errormessage=\"wpforms-1190-field_10_2-error\" required><label class=\"wpforms-field-label-inline\" for=\"wpforms-1190-field_10_2\">I confirm that I have read and understood the information regarding the processing of my personal data.<\/label><\/li><\/ul><\/fieldset><\/div><\/div><!-- .wpforms-field-container --><div class=\"wpforms-recaptcha-container wpforms-is-hcaptcha\" ><div class=\"g-recaptcha\" data-sitekey=\"57e291c0-8043-4966-b9c6-eb3b42e0d72f\"><\/div><input type=\"text\" name=\"g-recaptcha-hidden\" class=\"wpforms-recaptcha-hidden\" style=\"position:absolute!important;clip:rect(0,0,0,0)!important;height:1px!important;width:1px!important;border:0!important;overflow:hidden!important;padding:0!important;margin:0!important;\" data-rule-hcaptcha=\"1\"><\/div><div class=\"wpforms-submit-container\" ><input type=\"hidden\" name=\"wpforms[id]\" value=\"1190\"><input type=\"hidden\" name=\"wpforms[author]\" value=\"1\"><button type=\"submit\" name=\"wpforms[submit]\" id=\"wpforms-submit-1190\" class=\"wpforms-submit\" data-alt-text=\"Wysy\u0142anie...\" data-submit-text=\"Wy\u015blij\" aria-live=\"assertive\" value=\"wpforms-submit\">Send<\/button><img loading=\"lazy\" decoding=\"async\" src=\"https:\/\/wantedpolska.pl\/wp-content\/plugins\/wpforms-lite\/assets\/images\/submit-spin.svg\" class=\"wpforms-submit-spinner\" style=\"display: none;\" width=\"26\" height=\"26\" alt=\"Loading\"><\/div><input type=\"hidden\" name=\"trp-form-language\" value=\"en\"\/><\/form><\/div>  <!-- .wpforms-container --><\/div><\/div><\/div><\/div><\/div><\/section><section class=\"kc-elm kc-css-650577 kc_row\"><div class=\"kc-row-container  kc-container\"><div class=\"kc-wrap-columns\"><div class=\"kc-elm kc-css-599355 kc_col-of-5 kc_column kc_col-of-5\"><div class=\"kc-col-container\"><\/div><\/div><div class=\"kc-elm kc-css-776150 kc_col-sm-7 kc_column kc_col-sm-7\"><div class=\"kc-col-container\"><div class=\"inner-title\">\n\t<h3>REQUEST A QUOTE<\/h3>\n<\/div>\n\n<div class=\"default-form-area style-3\">\n\t\n\t<div id=\"contact_form\" class=\"default-form\">\n\t\t[contact-form-7 id=\"400\" title=\"Consultation Form\"]\t<\/div>\n\t\n<\/div><\/div><\/div><div class=\"kc-elm kc-css-85527 kc_col-of-5 kc_column kc_col-of-5\"><div class=\"kc-col-container\"><\/div><\/div><\/div><\/div><\/section><\/p>","protected":false},"excerpt":{"rendered":"","protected":false},"author":1,"featured_media":0,"parent":0,"menu_order":0,"comment_status":"closed","ping_status":"closed","template":"","meta":{"footnotes":""},"class_list":["post-920","page","type-page","status-publish","hentry"],"_links":{"self":[{"href":"https:\/\/wantedpolska.pl\/en\/wp-json\/wp\/v2\/pages\/920","targetHints":{"allow":["GET"]}}],"collection":[{"href":"https:\/\/wantedpolska.pl\/en\/wp-json\/wp\/v2\/pages"}],"about":[{"href":"https:\/\/wantedpolska.pl\/en\/wp-json\/wp\/v2\/types\/page"}],"author":[{"embeddable":true,"href":"https:\/\/wantedpolska.pl\/en\/wp-json\/wp\/v2\/users\/1"}],"replies":[{"embeddable":true,"href":"https:\/\/wantedpolska.pl\/en\/wp-json\/wp\/v2\/comments?post=920"}],"version-history":[{"count":4,"href":"https:\/\/wantedpolska.pl\/en\/wp-json\/wp\/v2\/pages\/920\/revisions"}],"predecessor-version":[{"id":1153,"href":"https:\/\/wantedpolska.pl\/en\/wp-json\/wp\/v2\/pages\/920\/revisions\/1153"}],"wp:attachment":[{"href":"https:\/\/wantedpolska.pl\/en\/wp-json\/wp\/v2\/media?parent=920"}],"curies":[{"name":"wp","href":"https:\/\/api.w.org\/{rel}","templated":true}]}}